{"id":32,"date":"2020-06-13T02:42:37","date_gmt":"2020-06-13T02:42:37","guid":{"rendered":"https:\/\/duocavatine.com\/\/?page_id=32"},"modified":"2022-10-06T02:02:23","modified_gmt":"2022-10-06T02:02:23","slug":"noemie-raymond-friset","status":"publish","type":"page","link":"https:\/\/duocavatine.com\/fr\/about\/noemie-raymond-friset\/","title":{"rendered":"No\u00e9mie Raymond-Friset"},"content":{"rendered":"<div class=\"wp-block-media-text alignwide has-media-on-the-right is-stacked-on-mobile is-vertically-aligned-top\" style=\"grid-template-columns:auto 45%\"><figure class=\"wp-block-media-text__media\"><img loading=\"lazy\" decoding=\"async\" width=\"1709\" height=\"2560\" src=\"https:\/\/i2.wp.com\/duocavatine.com\/wp-content\/uploads\/2020\/06\/IMG_2658-scaled.jpg?fit=684%2C1024&amp;ssl=1\" alt=\"\u00a9 tamphotography.ca\" class=\"wp-image-74 size-full\" srcset=\"https:\/\/i0.wp.com\/duocavatine.com\/wp-content\/uploads\/2020\/06\/IMG_2658-scaled.jpg?w=1709&amp;ssl=1 1709w, https:\/\/i0.wp.com\/duocavatine.com\/wp-content\/uploads\/2020\/06\/IMG_2658-scaled.jpg?resize=200%2C300&amp;ssl=1 200w, https:\/\/i0.wp.com\/duocavatine.com\/wp-content\/uploads\/2020\/06\/IMG_2658-scaled.jpg?resize=684%2C1024&amp;ssl=1 684w, https:\/\/i0.wp.com\/duocavatine.com\/wp-content\/uploads\/2020\/06\/IMG_2658-scaled.jpg?resize=768%2C1151&amp;ssl=1 768w, https:\/\/i0.wp.com\/duocavatine.com\/wp-content\/uploads\/2020\/06\/IMG_2658-scaled.jpg?resize=1025%2C1536&amp;ssl=1 1025w, https:\/\/i0.wp.com\/duocavatine.com\/wp-content\/uploads\/2020\/06\/IMG_2658-scaled.jpg?resize=1367%2C2048&amp;ssl=1 1367w\" sizes=\"auto, (max-width: 1020px) 100vw, 1020px\" \/><\/figure><div class=\"wp-block-media-text__content\">\n<p>Destin\u00e9e \u00e0 \u00ab marquer la post\u00e9rit\u00e9 par son immense sensibilit\u00e9 et son incommensurable talent \u00bb (<em>Journal des Citoyens<\/em>), la violoncelliste No\u00e9mie Raymond-Friset jouit d'une carri\u00e8re internationale diversifi\u00e9e qui la m\u00e8ne \u00e0 se produire comme chambriste et soliste avec des orchestres r\u00e9put\u00e9s. Du Royal Albert Hall de Londres au <em>Festival Internacional de Musica de Camara<\/em> \u00e0 Lima, son jeu \u00ab passionn\u00e9, hypersensible et raffin\u00e9 \u00bb l\u2019a conduite sur quatre continents, entre autres avec les violonistes Midori Goto et Pinchas Zukerman.&nbsp;<\/p>\n\n\n\n<p>Reconnue comme l\u2019une des 30 Hot Canadian Classical Musicians under 30 par CBC, No\u00e9mie est \u00e9galement une \u00e9ducatrice exp\u00e9riment\u00e9e et accomplie. Titulaire d\u2019un Doctorate in performance and literature de la prestigieuse Eastman School of Music, elle agit comme mentor de violoncelle et de musique de chambre pour le programme junior de l'Institut international de Musique Heifetz et enseigne au <em>le Festival del Lago<\/em> au Mexique.\u00a0<\/p>\n\n\n\n<p>Elle a remport\u00e9 plusieurs prix dans des concours nationaux ou internationaux. Elle s\u2019est aussi distingu\u00e9e comme boursi\u00e8re \u00e0 plusieurs reprises et comme laur\u00e9ate du concours de la Banque d'instruments de musique du Conseil des Arts du Canada.<\/p>\n\n\n\n<p>No\u00e9mie a pour instrument le magnifique violoncelle \u00ab Ex-Curtis \u00bb de Matteo Goffriller (1700) gracieusement mis \u00e0 sa disposition par Canimex Inc., Drummondville (Qu\u00e9bec).&nbsp;<\/p>\n<\/div><\/div>","protected":false},"excerpt":{"rendered":"<div class=\"entry-summary\">\nDestined to &#8220;leave her mark on posterity through her immense sensitivity and&hellip;\n<\/div>\n<div class=\"link-more\"><a href=\"https:\/\/duocavatine.com\/fr\/about\/noemie-raymond-friset\/\" class=\"more-link\">Continue reading<span class=\"screen-reader-text\"> &ldquo;No\u00e9mie Raymond-Friset&rdquo;<\/span>&hellip;<\/a><\/div>","protected":false},"author":2,"featured_media":0,"parent":4,"menu_order":0,"comment_status":"closed","ping_status":"closed","template":"page-template\/_fullwidth.php","meta":{"nf_dc_page":"","_monsterinsights_skip_tracking":false,"_monsterinsights_sitenote_active":false,"_monsterinsights_sitenote_note":"","_monsterinsights_sitenote_category":0,"jetpack_post_was_ever_published":false,"footnotes":""},"class_list":["post-32","page","type-page","status-publish","hentry","entry"],"featured_image_src":null,"yoast_head":"<!-- This site is optimized with the Yoast SEO plugin v27.3 - https:\/\/yoast.com\/product\/yoast-seo-wordpress\/ -->\n<title>No\u00e9mie Raymond-Friset | Duo Cavatine<\/title>\n<meta name=\"robots\" content=\"index, follow, max-snippet:-1, max-image-preview:large, max-video-preview:-1\" \/>\n<link rel=\"canonical\" href=\"https:\/\/duocavatine.com\/fr\/about\/noemie-raymond-friset\/\" \/>\n<meta property=\"og:locale\" content=\"fr_CA\" \/>\n<meta property=\"og:type\" content=\"article\" \/>\n<meta property=\"og:title\" content=\"No\u00e9mie Raymond-Friset | Duo Cavatine\" \/>\n<meta property=\"og:description\" content=\"Destined to &#8220;leave her mark on posterity through her immense sensitivity and&hellip; Continue reading &ldquo;No\u00e9mie Raymond-Friset&rdquo;&hellip;\" \/>\n<meta property=\"og:url\" content=\"https:\/\/duocavatine.com\/fr\/about\/noemie-raymond-friset\/\" \/>\n<meta property=\"og:site_name\" content=\"Duo Cavatine\" \/>\n<meta property=\"article:modified_time\" content=\"2022-10-06T02:02:23+00:00\" \/>\n<meta property=\"og:image\" content=\"https:\/\/i2.wp.com\/duocavatine.com\/wp-content\/uploads\/2020\/06\/IMG_2658-scaled.jpg?fit=684%2C1024&amp;ssl=1\" \/>\n<meta name=\"twitter:card\" content=\"summary_large_image\" \/>\n<meta name=\"twitter:label1\" content=\"Estimation du temps de lecture\" \/>\n\t<meta name=\"twitter:data1\" content=\"1 minute\" \/>\n<script type=\"application\/ld+json\" class=\"yoast-schema-graph\">{\"@context\":\"https:\\\/\\\/schema.org\",\"@graph\":[{\"@type\":\"WebPage\",\"@id\":\"https:\\\/\\\/duocavatine.com\\\/en\\\/about\\\/noemie-raymond-friset\\\/\",\"url\":\"https:\\\/\\\/duocavatine.com\\\/en\\\/about\\\/noemie-raymond-friset\\\/\",\"name\":\"No\u00e9mie Raymond-Friset | Duo Cavatine\",\"isPartOf\":{\"@id\":\"https:\\\/\\\/duocavatine.com\\\/en\\\/#website\"},\"primaryImageOfPage\":{\"@id\":\"https:\\\/\\\/duocavatine.com\\\/en\\\/about\\\/noemie-raymond-friset\\\/#primaryimage\"},\"image\":{\"@id\":\"https:\\\/\\\/duocavatine.com\\\/en\\\/about\\\/noemie-raymond-friset\\\/#primaryimage\"},\"thumbnailUrl\":\"https:\\\/\\\/i2.wp.com\\\/duocavatine.com\\\/wp-content\\\/uploads\\\/2020\\\/06\\\/IMG_2658-scaled.jpg?fit=684%2C1024&amp;ssl=1\",\"datePublished\":\"2020-06-13T02:42:37+00:00\",\"dateModified\":\"2022-10-06T02:02:23+00:00\",\"breadcrumb\":{\"@id\":\"https:\\\/\\\/duocavatine.com\\\/en\\\/about\\\/noemie-raymond-friset\\\/#breadcrumb\"},\"inLanguage\":\"fr-CA\",\"potentialAction\":[{\"@type\":\"ReadAction\",\"target\":[\"https:\\\/\\\/duocavatine.com\\\/en\\\/about\\\/noemie-raymond-friset\\\/\"]}]},{\"@type\":\"ImageObject\",\"inLanguage\":\"fr-CA\",\"@id\":\"https:\\\/\\\/duocavatine.com\\\/en\\\/about\\\/noemie-raymond-friset\\\/#primaryimage\",\"url\":\"https:\\\/\\\/i2.wp.com\\\/duocavatine.com\\\/wp-content\\\/uploads\\\/2020\\\/06\\\/IMG_2658-scaled.jpg?fit=684%2C1024&amp;ssl=1\",\"contentUrl\":\"https:\\\/\\\/i2.wp.com\\\/duocavatine.com\\\/wp-content\\\/uploads\\\/2020\\\/06\\\/IMG_2658-scaled.jpg?fit=684%2C1024&amp;ssl=1\"},{\"@type\":\"BreadcrumbList\",\"@id\":\"https:\\\/\\\/duocavatine.com\\\/en\\\/about\\\/noemie-raymond-friset\\\/#breadcrumb\",\"itemListElement\":[{\"@type\":\"ListItem\",\"position\":1,\"name\":\"Home\",\"item\":\"https:\\\/\\\/duocavatine.com\\\/\"},{\"@type\":\"ListItem\",\"position\":2,\"name\":\"About\",\"item\":\"https:\\\/\\\/duocavatine.com\\\/en\\\/about\\\/\"},{\"@type\":\"ListItem\",\"position\":3,\"name\":\"No\u00e9mie Raymond-Friset\"}]},{\"@type\":\"WebSite\",\"@id\":\"https:\\\/\\\/duocavatine.com\\\/en\\\/#website\",\"url\":\"https:\\\/\\\/duocavatine.com\\\/en\\\/\",\"name\":\"Duo Cavatine\",\"description\":\"\",\"publisher\":{\"@id\":\"https:\\\/\\\/duocavatine.com\\\/en\\\/#organization\"},\"potentialAction\":[{\"@type\":\"SearchAction\",\"target\":{\"@type\":\"EntryPoint\",\"urlTemplate\":\"https:\\\/\\\/duocavatine.com\\\/en\\\/?s={search_term_string}\"},\"query-input\":{\"@type\":\"PropertyValueSpecification\",\"valueRequired\":true,\"valueName\":\"search_term_string\"}}],\"inLanguage\":\"fr-CA\"},{\"@type\":\"Organization\",\"@id\":\"https:\\\/\\\/duocavatine.com\\\/en\\\/#organization\",\"name\":\"Duo Cavatine\",\"url\":\"https:\\\/\\\/duocavatine.com\\\/en\\\/\",\"logo\":{\"@type\":\"ImageObject\",\"inLanguage\":\"fr-CA\",\"@id\":\"https:\\\/\\\/duocavatine.com\\\/en\\\/#\\\/schema\\\/logo\\\/image\\\/\",\"url\":\"https:\\\/\\\/i0.wp.com\\\/duocavatine.com\\\/wp-content\\\/uploads\\\/2022\\\/10\\\/Logo-Black-Transparent.png?fit=967%2C243&ssl=1\",\"contentUrl\":\"https:\\\/\\\/i0.wp.com\\\/duocavatine.com\\\/wp-content\\\/uploads\\\/2022\\\/10\\\/Logo-Black-Transparent.png?fit=967%2C243&ssl=1\",\"width\":967,\"height\":243,\"caption\":\"Duo Cavatine\"},\"image\":{\"@id\":\"https:\\\/\\\/duocavatine.com\\\/en\\\/#\\\/schema\\\/logo\\\/image\\\/\"}}]}<\/script>\n<!-- \/ Yoast SEO plugin. -->","yoast_head_json":{"title":"No\u00e9mie Raymond-Friset | Duo Cavatine","robots":{"index":"index","follow":"follow","max-snippet":"max-snippet:-1","max-image-preview":"max-image-preview:large","max-video-preview":"max-video-preview:-1"},"canonical":"https:\/\/duocavatine.com\/fr\/about\/noemie-raymond-friset\/","og_locale":"fr_CA","og_type":"article","og_title":"No\u00e9mie Raymond-Friset | Duo Cavatine","og_description":"Destined to &#8220;leave her mark on posterity through her immense sensitivity and&hellip; Continue reading &ldquo;No\u00e9mie Raymond-Friset&rdquo;&hellip;","og_url":"https:\/\/duocavatine.com\/fr\/about\/noemie-raymond-friset\/","og_site_name":"Duo Cavatine","article_modified_time":"2022-10-06T02:02:23+00:00","og_image":[{"url":"https:\/\/i2.wp.com\/duocavatine.com\/wp-content\/uploads\/2020\/06\/IMG_2658-scaled.jpg?fit=684%2C1024&amp;ssl=1","type":"","width":"","height":""}],"twitter_card":"summary_large_image","twitter_misc":{"Estimation du temps de lecture":"1 minute"},"schema":{"@context":"https:\/\/schema.org","@graph":[{"@type":"WebPage","@id":"https:\/\/duocavatine.com\/en\/about\/noemie-raymond-friset\/","url":"https:\/\/duocavatine.com\/en\/about\/noemie-raymond-friset\/","name":"No\u00e9mie Raymond-Friset | Duo Cavatine","isPartOf":{"@id":"https:\/\/duocavatine.com\/en\/#website"},"primaryImageOfPage":{"@id":"https:\/\/duocavatine.com\/en\/about\/noemie-raymond-friset\/#primaryimage"},"image":{"@id":"https:\/\/duocavatine.com\/en\/about\/noemie-raymond-friset\/#primaryimage"},"thumbnailUrl":"https:\/\/i2.wp.com\/duocavatine.com\/wp-content\/uploads\/2020\/06\/IMG_2658-scaled.jpg?fit=684%2C1024&amp;ssl=1","datePublished":"2020-06-13T02:42:37+00:00","dateModified":"2022-10-06T02:02:23+00:00","breadcrumb":{"@id":"https:\/\/duocavatine.com\/en\/about\/noemie-raymond-friset\/#breadcrumb"},"inLanguage":"fr-CA","potentialAction":[{"@type":"ReadAction","target":["https:\/\/duocavatine.com\/en\/about\/noemie-raymond-friset\/"]}]},{"@type":"ImageObject","inLanguage":"fr-CA","@id":"https:\/\/duocavatine.com\/en\/about\/noemie-raymond-friset\/#primaryimage","url":"https:\/\/i2.wp.com\/duocavatine.com\/wp-content\/uploads\/2020\/06\/IMG_2658-scaled.jpg?fit=684%2C1024&amp;ssl=1","contentUrl":"https:\/\/i2.wp.com\/duocavatine.com\/wp-content\/uploads\/2020\/06\/IMG_2658-scaled.jpg?fit=684%2C1024&amp;ssl=1"},{"@type":"BreadcrumbList","@id":"https:\/\/duocavatine.com\/en\/about\/noemie-raymond-friset\/#breadcrumb","itemListElement":[{"@type":"ListItem","position":1,"name":"Home","item":"https:\/\/duocavatine.com\/"},{"@type":"ListItem","position":2,"name":"About","item":"https:\/\/duocavatine.com\/en\/about\/"},{"@type":"ListItem","position":3,"name":"No\u00e9mie Raymond-Friset"}]},{"@type":"WebSite","@id":"https:\/\/duocavatine.com\/en\/#website","url":"https:\/\/duocavatine.com\/en\/","name":"Duo Cavatine","description":"","publisher":{"@id":"https:\/\/duocavatine.com\/en\/#organization"},"potentialAction":[{"@type":"SearchAction","target":{"@type":"EntryPoint","urlTemplate":"https:\/\/duocavatine.com\/en\/?s={search_term_string}"},"query-input":{"@type":"PropertyValueSpecification","valueRequired":true,"valueName":"search_term_string"}}],"inLanguage":"fr-CA"},{"@type":"Organization","@id":"https:\/\/duocavatine.com\/en\/#organization","name":"Duo Cavatine","url":"https:\/\/duocavatine.com\/en\/","logo":{"@type":"ImageObject","inLanguage":"fr-CA","@id":"https:\/\/duocavatine.com\/en\/#\/schema\/logo\/image\/","url":"https:\/\/i0.wp.com\/duocavatine.com\/wp-content\/uploads\/2022\/10\/Logo-Black-Transparent.png?fit=967%2C243&ssl=1","contentUrl":"https:\/\/i0.wp.com\/duocavatine.com\/wp-content\/uploads\/2022\/10\/Logo-Black-Transparent.png?fit=967%2C243&ssl=1","width":967,"height":243,"caption":"Duo Cavatine"},"image":{"@id":"https:\/\/duocavatine.com\/en\/#\/schema\/logo\/image\/"}}]}},"jetpack_sharing_enabled":false,"jetpack_shortlink":"https:\/\/wp.me\/Pc6c3o-w","_links":{"self":[{"href":"https:\/\/duocavatine.com\/fr\/wp-json\/wp\/v2\/pages\/32","targetHints":{"allow":["GET"]}}],"collection":[{"href":"https:\/\/duocavatine.com\/fr\/wp-json\/wp\/v2\/pages"}],"about":[{"href":"https:\/\/duocavatine.com\/fr\/wp-json\/wp\/v2\/types\/page"}],"author":[{"embeddable":true,"href":"https:\/\/duocavatine.com\/fr\/wp-json\/wp\/v2\/users\/2"}],"replies":[{"embeddable":true,"href":"https:\/\/duocavatine.com\/fr\/wp-json\/wp\/v2\/comments?post=32"}],"version-history":[{"count":5,"href":"https:\/\/duocavatine.com\/fr\/wp-json\/wp\/v2\/pages\/32\/revisions"}],"predecessor-version":[{"id":387,"href":"https:\/\/duocavatine.com\/fr\/wp-json\/wp\/v2\/pages\/32\/revisions\/387"}],"up":[{"embeddable":true,"href":"https:\/\/duocavatine.com\/fr\/wp-json\/wp\/v2\/pages\/4"}],"wp:attachment":[{"href":"https:\/\/duocavatine.com\/fr\/wp-json\/wp\/v2\/media?parent=32"}],"curies":[{"name":"wp","href":"https:\/\/api.w.org\/{rel}","templated":true}]}}