{"id":34,"date":"2020-06-13T02:43:04","date_gmt":"2020-06-13T02:43:04","guid":{"rendered":"https:\/\/duocavatine.com\/\/?page_id=34"},"modified":"2021-05-16T22:24:01","modified_gmt":"2021-05-16T22:24:01","slug":"michel-alexandre-broekaert","status":"publish","type":"page","link":"https:\/\/duocavatine.com\/fr\/about\/michel-alexandre-broekaert\/","title":{"rendered":"Michel-Alexandre Broekaert"},"content":{"rendered":"\n<div class=\"wp-block-media-text alignwide has-media-on-the-right is-stacked-on-mobile is-vertically-aligned-top\"><figure class=\"wp-block-media-text__media\"><img data-recalc-dims=\"1\" loading=\"lazy\" decoding=\"async\" width=\"683\" height=\"1024\" src=\"https:\/\/i0.wp.com\/duocavatine.com\/wp-content\/uploads\/2020\/06\/MG_0943.jpg?resize=683%2C1024&#038;ssl=1\" alt=\"\" class=\"wp-image-80 size-full\" srcset=\"https:\/\/i0.wp.com\/duocavatine.com\/wp-content\/uploads\/2020\/06\/MG_0943-scaled.jpg?resize=683%2C1024&amp;ssl=1 683w, https:\/\/i0.wp.com\/duocavatine.com\/wp-content\/uploads\/2020\/06\/MG_0943-scaled.jpg?resize=200%2C300&amp;ssl=1 200w, https:\/\/i0.wp.com\/duocavatine.com\/wp-content\/uploads\/2020\/06\/MG_0943-scaled.jpg?resize=768%2C1152&amp;ssl=1 768w, https:\/\/i0.wp.com\/duocavatine.com\/wp-content\/uploads\/2020\/06\/MG_0943-scaled.jpg?resize=1024%2C1536&amp;ssl=1 1024w, https:\/\/i0.wp.com\/duocavatine.com\/wp-content\/uploads\/2020\/06\/MG_0943-scaled.jpg?resize=1365%2C2048&amp;ssl=1 1365w, https:\/\/i0.wp.com\/duocavatine.com\/wp-content\/uploads\/2020\/06\/MG_0943-scaled.jpg?w=1707&amp;ssl=1 1707w\" sizes=\"auto, (max-width: 683px) 100vw, 683px\" \/><\/figure><div class=\"wp-block-media-text__content\">\n<p>Recognized for his profound and spectacular interpretations, Quebec pianist Michel-Alexandre Broekaert is one of the most promising musicians of his generation. Early on, he developed a passion for accompaniment and chamber music, making his experience vast and eclectic. At ease both on stage and in the studio, he divides his time between the instrumental repertoire and the world of opera with equal pleasure. A pedagogue at heart, his activities as a coach \/ pianist-collaborator at the Universit\u00e9 de Montr\u00e9al and McGill University nourish his passion for passing on knowledge to generations of young musicians. He is also committed to the future of classical music, actively engaging with established organizations and collectives of experienced musicians to present this art form in an accessible and casual way. Michel-Alexandre is very active on the Quebec scene and regularly collaborates with many organizations, such as the Canadian Institute of Vocal Art, Op\u00e9ra de Montr\u00e9al, the OSM-Manuvie competition, The Prix d\u2019Europe Competition, Jeunesses Musicales Canada, as well as the collective Un Op\u00e9ra Une Heure.<\/p>\n\n\n\n<p>Michel-Alexandre has collaborated for many years with Jeunesses Musicales of Canada in several tours across Canada as a chamber musician and artistic director. As an organization with multiple missions, including bringing high-quality classical music concerts to audiences far away from major urban centres, JMC had a significant impact on his conception of the musician&#8217;s role in our society.<\/p>\n\n\n\n<p>His thirst for excellence and his communicative enthusiasm have also found fertile ground in the world of competitions, as evidenced by his extensive track record. Winner of several national and international competitions, he first distinguished himself as a soloist, winning first prizes in the Canadian Music Competition, the Trois-Rivi\u00e8res Symphony Orchestra Concerto Competition and the Concerto Competition of Universit\u00e9 de Montr\u00e9al, his Alma Mater. In the world of chamber music, he reveals himself to the world, mainly alongside Quebec soprano Andr\u00e9anne Brisson-Paquin. In 2011, the duo distinguished itself in Paris, receiving a special jury prize in the Nadia and Lili Boulanger International Piano Singing Competition finals. They were back again in 2013, winning the 2nd Prize of the prestigious Lyon International Chamber Music Competition.\u00a0<\/p>\n\n\n\n<p>Michel-Alexandre also distinguished himself at the \u201c2016 Mary Trueman Art Song Vocal Competition\u201d, receiving the \u201cPianist Prize\u201d and in 2018, was awarded the Special Prize for the best accompanying pianist at the Concours International de m\u00e9lodies fran\u00e7aises du Festival Classica. More recently, he took by storm the Concours d&#8217;Interpr\u00e9tation de L&#8217;Anthologie de la Musique Qu\u00e9b\u00e9coise, owning the Prix Janine-Lachance (1st Prize collaborative-pianist), the Prix Andr\u00e9-Mathieu&nbsp; (1st Prize (ex-aequo) Solo Piano), as well as the Jury\u2019s Coup de coeur.<\/p>\n\n\n\n<p>Alongside cellist No\u00e9mie Raymond-Friset, he co-founded in 2018 Duo Cavatine, a duet that has since then established itself as one of the most dynamic chamber music groups on the Canadian scene. Their projects include a tour in the fall of 2021 presented by D\u00e9but Atlantique and the upcoming launch of their first CD, entitled Nuages, on the KNS label.<\/p>\n\n\n\n<p>He holds a doctorate from the Universit\u00e9 de Montr\u00e9al, under the tutelage of Mr. Jean Saulnier, and perfected his skills in Vienna (Austria) with the renowned pedagogue Avedis Kouyoumdjian.<\/p>\n\n\n\n<p>\u201cHe is an excellent listener [\u2026] and has a remarkable touch. In his hands, the music breathes and blossoms.\u201d \u2013 Revue Op\u00e9ra<\/p>\n<\/div><\/div>\n","protected":false},"excerpt":{"rendered":"<div class=\"entry-summary\">\nRecognized for his profound and spectacular interpretations, Quebec pianist Michel-Alexandre Broekaert is&hellip;\n<\/div>\n<div class=\"link-more\"><a href=\"https:\/\/duocavatine.com\/fr\/about\/michel-alexandre-broekaert\/\" class=\"more-link\">Continue reading<span class=\"screen-reader-text\"> &ldquo;Michel-Alexandre Broekaert&rdquo;<\/span>&hellip;<\/a><\/div>","protected":false},"author":2,"featured_media":0,"parent":4,"menu_order":0,"comment_status":"closed","ping_status":"closed","template":"page-template\/_fullwidth.php","meta":{"nf_dc_page":"","_monsterinsights_skip_tracking":false,"_monsterinsights_sitenote_active":false,"_monsterinsights_sitenote_note":"","_monsterinsights_sitenote_category":0,"jetpack_post_was_ever_published":false,"footnotes":""},"class_list":["post-34","page","type-page","status-publish","hentry","entry"],"featured_image_src":null,"yoast_head":"<!-- This site is optimized with the Yoast SEO plugin v27.3 - https:\/\/yoast.com\/product\/yoast-seo-wordpress\/ -->\n<title>Michel-Alexandre Broekaert | Duo Cavatine<\/title>\n<meta name=\"robots\" content=\"index, follow, max-snippet:-1, max-image-preview:large, max-video-preview:-1\" \/>\n<link rel=\"canonical\" href=\"https:\/\/duocavatine.com\/fr\/about\/michel-alexandre-broekaert\/\" \/>\n<meta property=\"og:locale\" content=\"fr_CA\" \/>\n<meta property=\"og:type\" content=\"article\" \/>\n<meta property=\"og:title\" content=\"Michel-Alexandre Broekaert | Duo Cavatine\" \/>\n<meta property=\"og:description\" content=\"Recognized for his profound and spectacular interpretations, Quebec pianist Michel-Alexandre Broekaert is&hellip; Continue reading &ldquo;Michel-Alexandre Broekaert&rdquo;&hellip;\" \/>\n<meta property=\"og:url\" content=\"https:\/\/duocavatine.com\/fr\/about\/michel-alexandre-broekaert\/\" \/>\n<meta property=\"og:site_name\" content=\"Duo Cavatine\" \/>\n<meta property=\"article:modified_time\" content=\"2021-05-16T22:24:01+00:00\" \/>\n<meta property=\"og:image\" content=\"https:\/\/duocavatine.com\/wp-content\/uploads\/2020\/06\/MG_0943-683x1024.jpg\" \/>\n<meta name=\"twitter:card\" content=\"summary_large_image\" \/>\n<meta name=\"twitter:label1\" content=\"Estimation du temps de lecture\" \/>\n\t<meta name=\"twitter:data1\" content=\"3 minutes\" \/>\n<script type=\"application\/ld+json\" class=\"yoast-schema-graph\">{\"@context\":\"https:\\\/\\\/schema.org\",\"@graph\":[{\"@type\":\"WebPage\",\"@id\":\"https:\\\/\\\/duocavatine.com\\\/en\\\/about\\\/michel-alexandre-broekaert\\\/\",\"url\":\"https:\\\/\\\/duocavatine.com\\\/en\\\/about\\\/michel-alexandre-broekaert\\\/\",\"name\":\"Michel-Alexandre Broekaert | Duo Cavatine\",\"isPartOf\":{\"@id\":\"https:\\\/\\\/duocavatine.com\\\/en\\\/#website\"},\"primaryImageOfPage\":{\"@id\":\"https:\\\/\\\/duocavatine.com\\\/en\\\/about\\\/michel-alexandre-broekaert\\\/#primaryimage\"},\"image\":{\"@id\":\"https:\\\/\\\/duocavatine.com\\\/en\\\/about\\\/michel-alexandre-broekaert\\\/#primaryimage\"},\"thumbnailUrl\":\"https:\\\/\\\/duocavatine.com\\\/wp-content\\\/uploads\\\/2020\\\/06\\\/MG_0943-683x1024.jpg\",\"datePublished\":\"2020-06-13T02:43:04+00:00\",\"dateModified\":\"2021-05-16T22:24:01+00:00\",\"breadcrumb\":{\"@id\":\"https:\\\/\\\/duocavatine.com\\\/en\\\/about\\\/michel-alexandre-broekaert\\\/#breadcrumb\"},\"inLanguage\":\"fr-CA\",\"potentialAction\":[{\"@type\":\"ReadAction\",\"target\":[\"https:\\\/\\\/duocavatine.com\\\/en\\\/about\\\/michel-alexandre-broekaert\\\/\"]}]},{\"@type\":\"ImageObject\",\"inLanguage\":\"fr-CA\",\"@id\":\"https:\\\/\\\/duocavatine.com\\\/en\\\/about\\\/michel-alexandre-broekaert\\\/#primaryimage\",\"url\":\"https:\\\/\\\/duocavatine.com\\\/wp-content\\\/uploads\\\/2020\\\/06\\\/MG_0943-683x1024.jpg\",\"contentUrl\":\"https:\\\/\\\/duocavatine.com\\\/wp-content\\\/uploads\\\/2020\\\/06\\\/MG_0943-683x1024.jpg\"},{\"@type\":\"BreadcrumbList\",\"@id\":\"https:\\\/\\\/duocavatine.com\\\/en\\\/about\\\/michel-alexandre-broekaert\\\/#breadcrumb\",\"itemListElement\":[{\"@type\":\"ListItem\",\"position\":1,\"name\":\"Home\",\"item\":\"https:\\\/\\\/duocavatine.com\\\/\"},{\"@type\":\"ListItem\",\"position\":2,\"name\":\"About\",\"item\":\"https:\\\/\\\/duocavatine.com\\\/en\\\/about\\\/\"},{\"@type\":\"ListItem\",\"position\":3,\"name\":\"Michel-Alexandre Broekaert\"}]},{\"@type\":\"WebSite\",\"@id\":\"https:\\\/\\\/duocavatine.com\\\/en\\\/#website\",\"url\":\"https:\\\/\\\/duocavatine.com\\\/en\\\/\",\"name\":\"Duo Cavatine\",\"description\":\"\",\"publisher\":{\"@id\":\"https:\\\/\\\/duocavatine.com\\\/en\\\/#organization\"},\"potentialAction\":[{\"@type\":\"SearchAction\",\"target\":{\"@type\":\"EntryPoint\",\"urlTemplate\":\"https:\\\/\\\/duocavatine.com\\\/en\\\/?s={search_term_string}\"},\"query-input\":{\"@type\":\"PropertyValueSpecification\",\"valueRequired\":true,\"valueName\":\"search_term_string\"}}],\"inLanguage\":\"fr-CA\"},{\"@type\":\"Organization\",\"@id\":\"https:\\\/\\\/duocavatine.com\\\/en\\\/#organization\",\"name\":\"Duo Cavatine\",\"url\":\"https:\\\/\\\/duocavatine.com\\\/en\\\/\",\"logo\":{\"@type\":\"ImageObject\",\"inLanguage\":\"fr-CA\",\"@id\":\"https:\\\/\\\/duocavatine.com\\\/en\\\/#\\\/schema\\\/logo\\\/image\\\/\",\"url\":\"https:\\\/\\\/i0.wp.com\\\/duocavatine.com\\\/wp-content\\\/uploads\\\/2022\\\/10\\\/Logo-Black-Transparent.png?fit=967%2C243&ssl=1\",\"contentUrl\":\"https:\\\/\\\/i0.wp.com\\\/duocavatine.com\\\/wp-content\\\/uploads\\\/2022\\\/10\\\/Logo-Black-Transparent.png?fit=967%2C243&ssl=1\",\"width\":967,\"height\":243,\"caption\":\"Duo Cavatine\"},\"image\":{\"@id\":\"https:\\\/\\\/duocavatine.com\\\/en\\\/#\\\/schema\\\/logo\\\/image\\\/\"}}]}<\/script>\n<!-- \/ Yoast SEO plugin. -->","yoast_head_json":{"title":"Michel-Alexandre Broekaert | Duo Cavatine","robots":{"index":"index","follow":"follow","max-snippet":"max-snippet:-1","max-image-preview":"max-image-preview:large","max-video-preview":"max-video-preview:-1"},"canonical":"https:\/\/duocavatine.com\/fr\/about\/michel-alexandre-broekaert\/","og_locale":"fr_CA","og_type":"article","og_title":"Michel-Alexandre Broekaert | Duo Cavatine","og_description":"Recognized for his profound and spectacular interpretations, Quebec pianist Michel-Alexandre Broekaert is&hellip; Continue reading &ldquo;Michel-Alexandre Broekaert&rdquo;&hellip;","og_url":"https:\/\/duocavatine.com\/fr\/about\/michel-alexandre-broekaert\/","og_site_name":"Duo Cavatine","article_modified_time":"2021-05-16T22:24:01+00:00","og_image":[{"url":"https:\/\/duocavatine.com\/wp-content\/uploads\/2020\/06\/MG_0943-683x1024.jpg","type":"","width":"","height":""}],"twitter_card":"summary_large_image","twitter_misc":{"Estimation du temps de lecture":"3 minutes"},"schema":{"@context":"https:\/\/schema.org","@graph":[{"@type":"WebPage","@id":"https:\/\/duocavatine.com\/en\/about\/michel-alexandre-broekaert\/","url":"https:\/\/duocavatine.com\/en\/about\/michel-alexandre-broekaert\/","name":"Michel-Alexandre Broekaert | Duo Cavatine","isPartOf":{"@id":"https:\/\/duocavatine.com\/en\/#website"},"primaryImageOfPage":{"@id":"https:\/\/duocavatine.com\/en\/about\/michel-alexandre-broekaert\/#primaryimage"},"image":{"@id":"https:\/\/duocavatine.com\/en\/about\/michel-alexandre-broekaert\/#primaryimage"},"thumbnailUrl":"https:\/\/duocavatine.com\/wp-content\/uploads\/2020\/06\/MG_0943-683x1024.jpg","datePublished":"2020-06-13T02:43:04+00:00","dateModified":"2021-05-16T22:24:01+00:00","breadcrumb":{"@id":"https:\/\/duocavatine.com\/en\/about\/michel-alexandre-broekaert\/#breadcrumb"},"inLanguage":"fr-CA","potentialAction":[{"@type":"ReadAction","target":["https:\/\/duocavatine.com\/en\/about\/michel-alexandre-broekaert\/"]}]},{"@type":"ImageObject","inLanguage":"fr-CA","@id":"https:\/\/duocavatine.com\/en\/about\/michel-alexandre-broekaert\/#primaryimage","url":"https:\/\/duocavatine.com\/wp-content\/uploads\/2020\/06\/MG_0943-683x1024.jpg","contentUrl":"https:\/\/duocavatine.com\/wp-content\/uploads\/2020\/06\/MG_0943-683x1024.jpg"},{"@type":"BreadcrumbList","@id":"https:\/\/duocavatine.com\/en\/about\/michel-alexandre-broekaert\/#breadcrumb","itemListElement":[{"@type":"ListItem","position":1,"name":"Home","item":"https:\/\/duocavatine.com\/"},{"@type":"ListItem","position":2,"name":"About","item":"https:\/\/duocavatine.com\/en\/about\/"},{"@type":"ListItem","position":3,"name":"Michel-Alexandre Broekaert"}]},{"@type":"WebSite","@id":"https:\/\/duocavatine.com\/en\/#website","url":"https:\/\/duocavatine.com\/en\/","name":"Duo Cavatine","description":"","publisher":{"@id":"https:\/\/duocavatine.com\/en\/#organization"},"potentialAction":[{"@type":"SearchAction","target":{"@type":"EntryPoint","urlTemplate":"https:\/\/duocavatine.com\/en\/?s={search_term_string}"},"query-input":{"@type":"PropertyValueSpecification","valueRequired":true,"valueName":"search_term_string"}}],"inLanguage":"fr-CA"},{"@type":"Organization","@id":"https:\/\/duocavatine.com\/en\/#organization","name":"Duo Cavatine","url":"https:\/\/duocavatine.com\/en\/","logo":{"@type":"ImageObject","inLanguage":"fr-CA","@id":"https:\/\/duocavatine.com\/en\/#\/schema\/logo\/image\/","url":"https:\/\/i0.wp.com\/duocavatine.com\/wp-content\/uploads\/2022\/10\/Logo-Black-Transparent.png?fit=967%2C243&ssl=1","contentUrl":"https:\/\/i0.wp.com\/duocavatine.com\/wp-content\/uploads\/2022\/10\/Logo-Black-Transparent.png?fit=967%2C243&ssl=1","width":967,"height":243,"caption":"Duo Cavatine"},"image":{"@id":"https:\/\/duocavatine.com\/en\/#\/schema\/logo\/image\/"}}]}},"jetpack_sharing_enabled":false,"jetpack_shortlink":"https:\/\/wp.me\/Pc6c3o-y","_links":{"self":[{"href":"https:\/\/duocavatine.com\/fr\/wp-json\/wp\/v2\/pages\/34","targetHints":{"allow":["GET"]}}],"collection":[{"href":"https:\/\/duocavatine.com\/fr\/wp-json\/wp\/v2\/pages"}],"about":[{"href":"https:\/\/duocavatine.com\/fr\/wp-json\/wp\/v2\/types\/page"}],"author":[{"embeddable":true,"href":"https:\/\/duocavatine.com\/fr\/wp-json\/wp\/v2\/users\/2"}],"replies":[{"embeddable":true,"href":"https:\/\/duocavatine.com\/fr\/wp-json\/wp\/v2\/comments?post=34"}],"version-history":[{"count":4,"href":"https:\/\/duocavatine.com\/fr\/wp-json\/wp\/v2\/pages\/34\/revisions"}],"predecessor-version":[{"id":251,"href":"https:\/\/duocavatine.com\/fr\/wp-json\/wp\/v2\/pages\/34\/revisions\/251"}],"up":[{"embeddable":true,"href":"https:\/\/duocavatine.com\/fr\/wp-json\/wp\/v2\/pages\/4"}],"wp:attachment":[{"href":"https:\/\/duocavatine.com\/fr\/wp-json\/wp\/v2\/media?parent=34"}],"curies":[{"name":"wp","href":"https:\/\/api.w.org\/{rel}","templated":true}]}}