{"id":43,"date":"2020-06-13T02:48:04","date_gmt":"2020-06-13T02:48:04","guid":{"rendered":"https:\/\/duocavatine.com\/\/?page_id=43"},"modified":"2023-04-22T04:24:24","modified_gmt":"2023-04-22T04:24:24","slug":"cd","status":"publish","type":"page","link":"https:\/\/duocavatine.com\/fr\/music\/cd\/","title":{"rendered":"Discographie"},"content":{"rendered":"<h2 class=\"wp-block-heading\"><strong><em>CellOp\u00e9ra!<\/em><\/strong><\/h2>\n\n\n\n<p>Pour en savoir plus et acheter CellOp\u00e9ra, cliquer ici : <a href=\"http:\/\/duocavatine.com\/en\/music\/cd\/cellopera\/\">http:\/\/duocavatine.com\/en\/music\/cd\/cellopera\/<\/a> <\/p>\n\n\n\n<p>Le titre donne le ton : une adaptation des grands airs d\u2019ope\u0301ra au violoncelle (et au piano!). Ce projet nous habite depuis de\u0301ja\u0300 plusieurs anne\u0301es, et c\u2019est donc avec un grand plaisir que nous vous partageons l\u2019aboutissement de cette aventure!<\/p>\n\n\n<div class=\"wp-block-image\">\n<figure class=\"aligncenter size-medium\"><img data-recalc-dims=\"1\" loading=\"lazy\" decoding=\"async\" width=\"300\" height=\"297\" src=\"https:\/\/i0.wp.com\/duocavatine.com\/wp-content\/uploads\/2022\/10\/CellOpera.png?resize=300%2C297&#038;ssl=1\" alt=\"\" class=\"wp-image-376\" srcset=\"https:\/\/i0.wp.com\/duocavatine.com\/wp-content\/uploads\/2022\/10\/CellOpera.png?resize=300%2C297&amp;ssl=1 300w, https:\/\/i0.wp.com\/duocavatine.com\/wp-content\/uploads\/2022\/10\/CellOpera.png?resize=1024%2C1012&amp;ssl=1 1024w, https:\/\/i0.wp.com\/duocavatine.com\/wp-content\/uploads\/2022\/10\/CellOpera.png?resize=150%2C150&amp;ssl=1 150w, https:\/\/i0.wp.com\/duocavatine.com\/wp-content\/uploads\/2022\/10\/CellOpera.png?resize=768%2C759&amp;ssl=1 768w, https:\/\/i0.wp.com\/duocavatine.com\/wp-content\/uploads\/2022\/10\/CellOpera.png?resize=12%2C12&amp;ssl=1 12w, https:\/\/i0.wp.com\/duocavatine.com\/wp-content\/uploads\/2022\/10\/CellOpera.png?resize=600%2C593&amp;ssl=1 600w, https:\/\/i0.wp.com\/duocavatine.com\/wp-content\/uploads\/2022\/10\/CellOpera.png?resize=100%2C100&amp;ssl=1 100w, https:\/\/i0.wp.com\/duocavatine.com\/wp-content\/uploads\/2022\/10\/CellOpera.png?w=1220&amp;ssl=1 1220w\" sizes=\"auto, (max-width: 300px) 100vw, 300px\" \/><figcaption class=\"wp-element-caption\">\u00a9 tamphotography.ca<\/figcaption><\/figure>\n<\/div>\n\n\n<p>Aucun genre n\u2019est aussi riche que l\u2019ope\u0301ra; il est opulent par la vastitude de son re\u0301pertoire, historique par la vision qu\u2019il donne des socie\u0301te\u0301s au cours des sie\u0300cles, et touchant par ses me\u0301lodies qui de\u0301peignent l\u2019arc-en-ciel des e\u0301motions humaines. Nous offrons des adaptations personnelles des plus grands arias, de Bellini a\u0300 Gershwin, en passant par Mozart, Wagner et Donizetti. Pour le plaisir de tous et toutes, nous avons aussi inclus les ce\u0301le\u0300bres variations de Beethoven inspire\u0301es de la Flu\u0302te enchante\u0301e de Mozart. Le violoncelle est souvent conside\u0301re\u0301 comme l\u2019instrument le plus proche de la voix humaine; il est donc parfait pour porter la divine prie\u0300re a\u0300 la lune de Casta Diva ou pour exprimer la de\u0301claration poignante de Gremin dans Eugene Onegin de Tchai\u0308kovski. Les couleurs orchestrales du piano comple\u0300tent a\u0300 merveille le timbre du violoncelle et la re\u0301union de ces deux instruments constitue le ve\u0301hicule ide\u0301al pour pre\u0301senter des sce\u0300nes d\u2019ope\u0301ra dans un cadre intime.<\/p>\n\n\n\n<p>Par ce projet, nous souhaitons inte\u0301resser a\u0300 la fois les aficionados du monde de l\u2019ope\u0301ra et les ne\u0301ophytes avides de me\u0301lodies romantiques et de virtuosite\u0301. Avec ces adaptations, Duo Cavatine e\u0301tend le re\u0301pertoire de la formation violoncelle- piano et projette une lumie\u0300re nouvelle sur les me\u0301lodies et arias che\u0301ris par le public depuis des sie\u0300cles.<\/p>\n\n\n\n<p><\/p>\n\n\n\n<p class=\"has-text-align-center\"><em>Nous remercions le Conseil des arts du Canada de son soutien.<\/em><\/p>\n\n\n<div class=\"wp-block-image\">\n<figure class=\"aligncenter size-medium\"><img data-recalc-dims=\"1\" loading=\"lazy\" decoding=\"async\" width=\"300\" height=\"55\" src=\"https:\/\/i0.wp.com\/duocavatine.com\/wp-content\/uploads\/2022\/10\/CCA_RGB_colour_e.png?resize=300%2C55&#038;ssl=1\" alt=\"\" class=\"wp-image-402\" srcset=\"https:\/\/i0.wp.com\/duocavatine.com\/wp-content\/uploads\/2022\/10\/CCA_RGB_colour_e.png?resize=300%2C55&amp;ssl=1 300w, https:\/\/i0.wp.com\/duocavatine.com\/wp-content\/uploads\/2022\/10\/CCA_RGB_colour_e.png?resize=1024%2C188&amp;ssl=1 1024w, https:\/\/i0.wp.com\/duocavatine.com\/wp-content\/uploads\/2022\/10\/CCA_RGB_colour_e.png?resize=768%2C141&amp;ssl=1 768w, https:\/\/i0.wp.com\/duocavatine.com\/wp-content\/uploads\/2022\/10\/CCA_RGB_colour_e.png?resize=18%2C3&amp;ssl=1 18w, https:\/\/i0.wp.com\/duocavatine.com\/wp-content\/uploads\/2022\/10\/CCA_RGB_colour_e.png?resize=600%2C110&amp;ssl=1 600w, https:\/\/i0.wp.com\/duocavatine.com\/wp-content\/uploads\/2022\/10\/CCA_RGB_colour_e.png?w=1201&amp;ssl=1 1201w\" sizes=\"auto, (max-width: 300px) 100vw, 300px\" \/><\/figure>\n<\/div>\n\n\n<hr class=\"wp-block-separator has-alpha-channel-opacity\"\/>\n\n\n\n<h2 class=\"wp-block-heading\">Nuages<\/h2>\n\n\n\n<p>L'album <em>Nuages <\/em>est maintenant disponible! Pour en savoir plus et l'acheter : <em>Nuages<\/em> here: <a href=\"https:\/\/duocavatine.com\/en\/music\/cd\/nuages\/\">https:\/\/duocavatine.com\/en\/music\/cd\/nuages\/<\/a> <\/p>\n\n\n\n<p>Enregistr\u00e9e en 2019, l'aventure de ce CD a d\u00e9finitivement pris plus de temps que pr\u00e9vu, pour finalement sortir en avril 2023! Cela impliquait une certaine incertitude quant \u00e0 la date exacte de sortie, compte tenu de la guerre en Ukraine, du COVID-19 et de la p\u00e9nurie de ressources humaines, mais nous y sommes arriv\u00e9s! L'album est publi\u00e9 sous le label KNS Classical en Europe! <\/p>\n\n\n<div class=\"wp-block-image\">\n<figure class=\"aligncenter size-medium\"><img data-recalc-dims=\"1\" loading=\"lazy\" decoding=\"async\" width=\"300\" height=\"300\" src=\"https:\/\/i0.wp.com\/duocavatine.com\/wp-content\/uploads\/2023\/04\/1.jpg?resize=300%2C300&#038;ssl=1\" alt=\"\" class=\"wp-image-590\" srcset=\"https:\/\/i0.wp.com\/duocavatine.com\/wp-content\/uploads\/2023\/04\/1.jpg?resize=300%2C300&amp;ssl=1 300w, https:\/\/i0.wp.com\/duocavatine.com\/wp-content\/uploads\/2023\/04\/1.jpg?resize=1024%2C1024&amp;ssl=1 1024w, https:\/\/i0.wp.com\/duocavatine.com\/wp-content\/uploads\/2023\/04\/1.jpg?resize=150%2C150&amp;ssl=1 150w, https:\/\/i0.wp.com\/duocavatine.com\/wp-content\/uploads\/2023\/04\/1.jpg?resize=768%2C768&amp;ssl=1 768w, https:\/\/i0.wp.com\/duocavatine.com\/wp-content\/uploads\/2023\/04\/1.jpg?resize=1536%2C1536&amp;ssl=1 1536w, https:\/\/i0.wp.com\/duocavatine.com\/wp-content\/uploads\/2023\/04\/1.jpg?resize=2048%2C2048&amp;ssl=1 2048w, https:\/\/i0.wp.com\/duocavatine.com\/wp-content\/uploads\/2023\/04\/1.jpg?resize=12%2C12&amp;ssl=1 12w\" sizes=\"auto, (max-width: 300px) 100vw, 300px\" \/><figcaption class=\"wp-element-caption\">\u00a9 tamphotography.ca<\/figcaption><\/figure>\n<\/div>\n\n\n<p>Nous avons eu le plaisir de l'enregistrer au Glenn Gould Studio de la CBC \u00e0 Toronto. Notre producteur et ing\u00e9nieur du son sont respectivement David Jaeger et Dennis Patterson. Le concept et le r\u00e9pertoire du CD sont bas\u00e9s sur l'id\u00e9e de l'ombre et la lumi\u00e8re. En voici les \u0153uvres :<\/p>\n\n\n\n<ul class=\"wp-block-list\">\n<li>Sonata for Cello and Piano FP 143 by Francis Poulenc<\/li>\n\n\n\n<li>Constable\u2019s Clouds du compositeur canadien  David Jaeger<\/li>\n\n\n\n<li>Sonata No. 1 for Cello and Piano by Alfred Schnittke<\/li>\n<\/ul>\n\n\n\n<p><\/p>","protected":false},"excerpt":{"rendered":"<div class=\"entry-summary\">\nCellOp\u00e9ra! Learn more and purchase CellOp\u00e9ra here: http:\/\/duocavatine.com\/en\/music\/cd\/cellopera\/ The title sets the&hellip;\n<\/div>\n<div class=\"link-more\"><a href=\"https:\/\/duocavatine.com\/fr\/music\/cd\/\" class=\"more-link\">Continue reading<span class=\"screen-reader-text\"> &ldquo;Discography&rdquo;<\/span>&hellip;<\/a><\/div>","protected":false},"author":2,"featured_media":0,"parent":41,"menu_order":0,"comment_status":"closed","ping_status":"closed","template":"page-template\/_fullwidth.php","meta":{"nf_dc_page":"","_monsterinsights_skip_tracking":false,"_monsterinsights_sitenote_active":false,"_monsterinsights_sitenote_note":"","_monsterinsights_sitenote_category":0,"jetpack_post_was_ever_published":false,"footnotes":""},"class_list":["post-43","page","type-page","status-publish","hentry","entry"],"featured_image_src":null,"yoast_head":"<!-- This site is optimized with the Yoast SEO plugin v27.3 - https:\/\/yoast.com\/product\/yoast-seo-wordpress\/ -->\n<title>Discography | Duo Cavatine<\/title>\n<meta name=\"robots\" content=\"index, follow, max-snippet:-1, max-image-preview:large, max-video-preview:-1\" \/>\n<link rel=\"canonical\" href=\"https:\/\/duocavatine.com\/fr\/music\/cd\/\" \/>\n<meta property=\"og:locale\" content=\"fr_CA\" \/>\n<meta property=\"og:type\" content=\"article\" \/>\n<meta property=\"og:title\" content=\"Discography | Duo Cavatine\" \/>\n<meta property=\"og:description\" content=\"CellOp\u00e9ra! Learn more and purchase CellOp\u00e9ra here: http:\/\/duocavatine.com\/en\/music\/cd\/cellopera\/ The title sets the&hellip; Continue reading &ldquo;Discography&rdquo;&hellip;\" \/>\n<meta property=\"og:url\" content=\"https:\/\/duocavatine.com\/fr\/music\/cd\/\" \/>\n<meta property=\"og:site_name\" content=\"Duo Cavatine\" \/>\n<meta property=\"article:modified_time\" content=\"2023-04-22T04:24:24+00:00\" \/>\n<meta property=\"og:image\" content=\"https:\/\/duocavatine.com\/wp-content\/uploads\/2022\/10\/CellOpera-300x297.png\" \/>\n<meta name=\"twitter:card\" content=\"summary_large_image\" \/>\n<meta name=\"twitter:label1\" content=\"Estimation du temps de lecture\" \/>\n\t<meta name=\"twitter:data1\" content=\"3 minutes\" \/>\n<script type=\"application\/ld+json\" class=\"yoast-schema-graph\">{\"@context\":\"https:\\\/\\\/schema.org\",\"@graph\":[{\"@type\":\"WebPage\",\"@id\":\"https:\\\/\\\/duocavatine.com\\\/en\\\/music\\\/cd\\\/\",\"url\":\"https:\\\/\\\/duocavatine.com\\\/en\\\/music\\\/cd\\\/\",\"name\":\"Discography | Duo Cavatine\",\"isPartOf\":{\"@id\":\"https:\\\/\\\/duocavatine.com\\\/en\\\/#website\"},\"primaryImageOfPage\":{\"@id\":\"https:\\\/\\\/duocavatine.com\\\/en\\\/music\\\/cd\\\/#primaryimage\"},\"image\":{\"@id\":\"https:\\\/\\\/duocavatine.com\\\/en\\\/music\\\/cd\\\/#primaryimage\"},\"thumbnailUrl\":\"https:\\\/\\\/duocavatine.com\\\/wp-content\\\/uploads\\\/2022\\\/10\\\/CellOpera-300x297.png\",\"datePublished\":\"2020-06-13T02:48:04+00:00\",\"dateModified\":\"2023-04-22T04:24:24+00:00\",\"breadcrumb\":{\"@id\":\"https:\\\/\\\/duocavatine.com\\\/en\\\/music\\\/cd\\\/#breadcrumb\"},\"inLanguage\":\"fr-CA\",\"potentialAction\":[{\"@type\":\"ReadAction\",\"target\":[\"https:\\\/\\\/duocavatine.com\\\/en\\\/music\\\/cd\\\/\"]}]},{\"@type\":\"ImageObject\",\"inLanguage\":\"fr-CA\",\"@id\":\"https:\\\/\\\/duocavatine.com\\\/en\\\/music\\\/cd\\\/#primaryimage\",\"url\":\"https:\\\/\\\/duocavatine.com\\\/wp-content\\\/uploads\\\/2022\\\/10\\\/CellOpera-300x297.png\",\"contentUrl\":\"https:\\\/\\\/duocavatine.com\\\/wp-content\\\/uploads\\\/2022\\\/10\\\/CellOpera-300x297.png\"},{\"@type\":\"BreadcrumbList\",\"@id\":\"https:\\\/\\\/duocavatine.com\\\/en\\\/music\\\/cd\\\/#breadcrumb\",\"itemListElement\":[{\"@type\":\"ListItem\",\"position\":1,\"name\":\"Home\",\"item\":\"https:\\\/\\\/duocavatine.com\\\/\"},{\"@type\":\"ListItem\",\"position\":2,\"name\":\"Music\",\"item\":\"https:\\\/\\\/duocavatine.com\\\/en\\\/music\\\/\"},{\"@type\":\"ListItem\",\"position\":3,\"name\":\"Discography\"}]},{\"@type\":\"WebSite\",\"@id\":\"https:\\\/\\\/duocavatine.com\\\/en\\\/#website\",\"url\":\"https:\\\/\\\/duocavatine.com\\\/en\\\/\",\"name\":\"Duo Cavatine\",\"description\":\"\",\"publisher\":{\"@id\":\"https:\\\/\\\/duocavatine.com\\\/en\\\/#organization\"},\"potentialAction\":[{\"@type\":\"SearchAction\",\"target\":{\"@type\":\"EntryPoint\",\"urlTemplate\":\"https:\\\/\\\/duocavatine.com\\\/en\\\/?s={search_term_string}\"},\"query-input\":{\"@type\":\"PropertyValueSpecification\",\"valueRequired\":true,\"valueName\":\"search_term_string\"}}],\"inLanguage\":\"fr-CA\"},{\"@type\":\"Organization\",\"@id\":\"https:\\\/\\\/duocavatine.com\\\/en\\\/#organization\",\"name\":\"Duo Cavatine\",\"url\":\"https:\\\/\\\/duocavatine.com\\\/en\\\/\",\"logo\":{\"@type\":\"ImageObject\",\"inLanguage\":\"fr-CA\",\"@id\":\"https:\\\/\\\/duocavatine.com\\\/en\\\/#\\\/schema\\\/logo\\\/image\\\/\",\"url\":\"https:\\\/\\\/i0.wp.com\\\/duocavatine.com\\\/wp-content\\\/uploads\\\/2022\\\/10\\\/Logo-Black-Transparent.png?fit=967%2C243&ssl=1\",\"contentUrl\":\"https:\\\/\\\/i0.wp.com\\\/duocavatine.com\\\/wp-content\\\/uploads\\\/2022\\\/10\\\/Logo-Black-Transparent.png?fit=967%2C243&ssl=1\",\"width\":967,\"height\":243,\"caption\":\"Duo Cavatine\"},\"image\":{\"@id\":\"https:\\\/\\\/duocavatine.com\\\/en\\\/#\\\/schema\\\/logo\\\/image\\\/\"}}]}<\/script>\n<!-- \/ Yoast SEO plugin. -->","yoast_head_json":{"title":"Discography | Duo Cavatine","robots":{"index":"index","follow":"follow","max-snippet":"max-snippet:-1","max-image-preview":"max-image-preview:large","max-video-preview":"max-video-preview:-1"},"canonical":"https:\/\/duocavatine.com\/fr\/music\/cd\/","og_locale":"fr_CA","og_type":"article","og_title":"Discography | Duo Cavatine","og_description":"CellOp\u00e9ra! Learn more and purchase CellOp\u00e9ra here: http:\/\/duocavatine.com\/en\/music\/cd\/cellopera\/ The title sets the&hellip; Continue reading &ldquo;Discography&rdquo;&hellip;","og_url":"https:\/\/duocavatine.com\/fr\/music\/cd\/","og_site_name":"Duo Cavatine","article_modified_time":"2023-04-22T04:24:24+00:00","og_image":[{"url":"https:\/\/duocavatine.com\/wp-content\/uploads\/2022\/10\/CellOpera-300x297.png","type":"","width":"","height":""}],"twitter_card":"summary_large_image","twitter_misc":{"Estimation du temps de lecture":"3 minutes"},"schema":{"@context":"https:\/\/schema.org","@graph":[{"@type":"WebPage","@id":"https:\/\/duocavatine.com\/en\/music\/cd\/","url":"https:\/\/duocavatine.com\/en\/music\/cd\/","name":"Discography | Duo Cavatine","isPartOf":{"@id":"https:\/\/duocavatine.com\/en\/#website"},"primaryImageOfPage":{"@id":"https:\/\/duocavatine.com\/en\/music\/cd\/#primaryimage"},"image":{"@id":"https:\/\/duocavatine.com\/en\/music\/cd\/#primaryimage"},"thumbnailUrl":"https:\/\/duocavatine.com\/wp-content\/uploads\/2022\/10\/CellOpera-300x297.png","datePublished":"2020-06-13T02:48:04+00:00","dateModified":"2023-04-22T04:24:24+00:00","breadcrumb":{"@id":"https:\/\/duocavatine.com\/en\/music\/cd\/#breadcrumb"},"inLanguage":"fr-CA","potentialAction":[{"@type":"ReadAction","target":["https:\/\/duocavatine.com\/en\/music\/cd\/"]}]},{"@type":"ImageObject","inLanguage":"fr-CA","@id":"https:\/\/duocavatine.com\/en\/music\/cd\/#primaryimage","url":"https:\/\/duocavatine.com\/wp-content\/uploads\/2022\/10\/CellOpera-300x297.png","contentUrl":"https:\/\/duocavatine.com\/wp-content\/uploads\/2022\/10\/CellOpera-300x297.png"},{"@type":"BreadcrumbList","@id":"https:\/\/duocavatine.com\/en\/music\/cd\/#breadcrumb","itemListElement":[{"@type":"ListItem","position":1,"name":"Home","item":"https:\/\/duocavatine.com\/"},{"@type":"ListItem","position":2,"name":"Music","item":"https:\/\/duocavatine.com\/en\/music\/"},{"@type":"ListItem","position":3,"name":"Discography"}]},{"@type":"WebSite","@id":"https:\/\/duocavatine.com\/en\/#website","url":"https:\/\/duocavatine.com\/en\/","name":"Duo Cavatine","description":"","publisher":{"@id":"https:\/\/duocavatine.com\/en\/#organization"},"potentialAction":[{"@type":"SearchAction","target":{"@type":"EntryPoint","urlTemplate":"https:\/\/duocavatine.com\/en\/?s={search_term_string}"},"query-input":{"@type":"PropertyValueSpecification","valueRequired":true,"valueName":"search_term_string"}}],"inLanguage":"fr-CA"},{"@type":"Organization","@id":"https:\/\/duocavatine.com\/en\/#organization","name":"Duo Cavatine","url":"https:\/\/duocavatine.com\/en\/","logo":{"@type":"ImageObject","inLanguage":"fr-CA","@id":"https:\/\/duocavatine.com\/en\/#\/schema\/logo\/image\/","url":"https:\/\/i0.wp.com\/duocavatine.com\/wp-content\/uploads\/2022\/10\/Logo-Black-Transparent.png?fit=967%2C243&ssl=1","contentUrl":"https:\/\/i0.wp.com\/duocavatine.com\/wp-content\/uploads\/2022\/10\/Logo-Black-Transparent.png?fit=967%2C243&ssl=1","width":967,"height":243,"caption":"Duo Cavatine"},"image":{"@id":"https:\/\/duocavatine.com\/en\/#\/schema\/logo\/image\/"}}]}},"jetpack_sharing_enabled":false,"jetpack_shortlink":"https:\/\/wp.me\/Pc6c3o-H","_links":{"self":[{"href":"https:\/\/duocavatine.com\/fr\/wp-json\/wp\/v2\/pages\/43","targetHints":{"allow":["GET"]}}],"collection":[{"href":"https:\/\/duocavatine.com\/fr\/wp-json\/wp\/v2\/pages"}],"about":[{"href":"https:\/\/duocavatine.com\/fr\/wp-json\/wp\/v2\/types\/page"}],"author":[{"embeddable":true,"href":"https:\/\/duocavatine.com\/fr\/wp-json\/wp\/v2\/users\/2"}],"replies":[{"embeddable":true,"href":"https:\/\/duocavatine.com\/fr\/wp-json\/wp\/v2\/comments?post=43"}],"version-history":[{"count":5,"href":"https:\/\/duocavatine.com\/fr\/wp-json\/wp\/v2\/pages\/43\/revisions"}],"predecessor-version":[{"id":610,"href":"https:\/\/duocavatine.com\/fr\/wp-json\/wp\/v2\/pages\/43\/revisions\/610"}],"up":[{"embeddable":true,"href":"https:\/\/duocavatine.com\/fr\/wp-json\/wp\/v2\/pages\/41"}],"wp:attachment":[{"href":"https:\/\/duocavatine.com\/fr\/wp-json\/wp\/v2\/media?parent=43"}],"curies":[{"name":"wp","href":"https:\/\/api.w.org\/{rel}","templated":true}]}}