{"id":559,"date":"2023-04-21T02:54:58","date_gmt":"2023-04-21T02:54:58","guid":{"rendered":"https:\/\/duocavatine.com\/?page_id=559"},"modified":"2024-09-14T15:14:07","modified_gmt":"2024-09-14T15:14:07","slug":"nuages","status":"publish","type":"page","link":"https:\/\/duocavatine.com\/fr\/music\/cd\/nuages\/","title":{"rendered":"Nuages"},"content":{"rendered":"<p class=\"\"><div class=\"_df_book df-lite\" id=\"df_562\"  _slug=\"nuages\" data-title=\"nuages\" wpoptions=\"true\" thumbtype=\"\" ><\/div><script class=\"df-shortcode-script\" nowprocket type=\"application\/javascript\">window.option_df_562 = {\"outline\":[],\"backgroundColor\":\"#FFFFFF\",\"autoEnableOutline\":\"false\",\"autoEnableThumbnail\":\"false\",\"overwritePDFOutline\":\"false\",\"enableDownload\":\"true\",\"direction\":\"1\",\"pageSize\":\"0\",\"soundEnable\":\"false\",\"source\":\"https:\\\/\\\/duocavatine.com\\\/wp-content\\\/uploads\\\/2023\\\/04\\\/Booklet_Nuages.pdf\",\"wpOptions\":\"true\"}; if(window.DFLIP && window.DFLIP.parseBooks){window.DFLIP.parseBooks();}<\/script><\/p>\n\n\n<div style=\"gap: 20px;\" class=\"align-button-center ub-buttons orientation-button-row ub-flex-wrap wp-block-ub-button\" id=\"ub-button-f09a6c11-b1bf-4a24-8db1-fdd43a0202f0\"><div class=\"ub-button-container\">\n\t\t\t<a href=\"https:\/\/duo-cavatine.square.site\/product\/duocavatine-nuages\/10\" target=\"_blank\" rel=\"noopener noreferrer\" class=\"ub-button-block-main   ub-button-flex\" role=\"button\" style=\"--ub-button-background-color: #9b2746; --ub-button-color: #ffffff; --ub-button-border: none; --ub-button-hover-background-color: #ed9eb4; --ub-button-hover-color: #ffffff; --ub-button-hover-border: none; padding-top: 10px; padding-right: 10px; padding-bottom: 10px; padding-left: 10px; border-top-left-radius: 10px;; border-top-right-radius: 10px;; border-bottom-left-radius: 10px;; border-bottom-right-radius: 10px;; \">\n\t\t\t\t<div class=\"ub-button-content-holder\" style=\"flex-direction: row\">\n\t\t\t\t\t<span class=\"ub-button-icon-holder\">\n\t\t\t\t<svg xmlns=\"http:\/\/www.w3.org\/2000\/svg\" height=\"22\" width=\"22\" viewbox=\"0 0 512 512\">\n\t\t\t\t\t<path fill=\"currentColor\" d=\"M499.1 6.3c8.1 6 12.9 15.6 12.9 25.7v72V368c0 44.2-43 80-96 80s-96-35.8-96-80s43-80 96-80c11.2 0 22 1.6 32 4.6V147L192 223.8V432c0 44.2-43 80-96 80s-96-35.8-96-80s43-80 96-80c11.2 0 22 1.6 32 4.6V200 128c0-14.1 9.3-26.6 22.8-30.7l320-96c9.7-2.9 20.2-1.1 28.3 5z\">\n\t\t\t\t<\/path><\/svg>\n\t\t\t<\/span><span class=\"ub-button-block-btn\">Buy Physical CD ($25 CAD)<\/span>\n\t\t\t\t<\/div>\n\t\t\t<\/a>\n\t\t<\/div><\/div>\n\n\n<div class=\"wp-block-media-text alignwide has-media-on-the-right is-stacked-on-mobile\"><div class=\"wp-block-media-text__content\">\n<p class=\"\"><strong>Francis Poulenc (1899-1963)<\/strong><br>Sonate pour violoncelle et piano, FP 143<br>Sonata for cello and piano, FP 143<\/p>\n\n\n\n<ol class=\"wp-block-list\">\n<li class=\"\">Allegro &#8211; Tempo di marcia 5\u201952\u201d<\/li>\n\n\n\n<li class=\"\">Cavatine 6\u201917\u201d<\/li>\n\n\n\n<li class=\"\">Ballabile 3\u201934\u201d<\/li>\n\n\n\n<li class=\"\">Finale 7\u201911\u201d<br><\/li>\n<\/ol>\n\n\n\n<p class=\"\"><strong>David Jaeger<\/strong> <strong>(1947- )<\/strong><\/p>\n\n\n\n<p class=\"\">     5. Constable\u2019s Clouds 6\u201943\u201d<\/p>\n\n\n\n<p class=\"\"><strong>Alfred Schnittke (1934-1998)<br><\/strong>Sonate pour violoncelle et piano no.1<br>Sonata for cello and piano no.1<\/p>\n\n\n\n<ol start=\"6\" class=\"wp-block-list\">\n<li class=\"\">Largo 3\u201932\u201d<\/li>\n\n\n\n<li class=\"\">Presto 6\u201939\u201d<\/li>\n\n\n\n<li class=\"\">Largo 10\u201919\u201d<\/li>\n<\/ol>\n<\/div><figure class=\"wp-block-media-text__media\"><img data-recalc-dims=\"1\" loading=\"lazy\" decoding=\"async\" width=\"1020\" height=\"803\" src=\"https:\/\/i0.wp.com\/duocavatine.com\/wp-content\/uploads\/2023\/04\/inlay-int.jpg?resize=1020%2C803&#038;ssl=1\" alt=\"\" class=\"wp-image-581 size-full\" srcset=\"https:\/\/i0.wp.com\/duocavatine.com\/wp-content\/uploads\/2023\/04\/inlay-int-scaled.jpg?resize=1024%2C806&amp;ssl=1 1024w, https:\/\/i0.wp.com\/duocavatine.com\/wp-content\/uploads\/2023\/04\/inlay-int-scaled.jpg?resize=300%2C236&amp;ssl=1 300w, https:\/\/i0.wp.com\/duocavatine.com\/wp-content\/uploads\/2023\/04\/inlay-int-scaled.jpg?resize=768%2C604&amp;ssl=1 768w, https:\/\/i0.wp.com\/duocavatine.com\/wp-content\/uploads\/2023\/04\/inlay-int-scaled.jpg?resize=1536%2C1209&amp;ssl=1 1536w, https:\/\/i0.wp.com\/duocavatine.com\/wp-content\/uploads\/2023\/04\/inlay-int-scaled.jpg?resize=2048%2C1612&amp;ssl=1 2048w, https:\/\/i0.wp.com\/duocavatine.com\/wp-content\/uploads\/2023\/04\/inlay-int-scaled.jpg?resize=15%2C12&amp;ssl=1 15w\" sizes=\"auto, (max-width: 1020px) 100vw, 1020px\" \/><\/figure><\/div>\n\n\n\n<p class=\"\"><\/p>\n\n\n\n<p class=\"has-text-align-center\">KNS A\/121<br>Enregistr\u00e9 au studio Glenn Gould, CBC Toronto, du 15 au 17 ao\u00fbt 2019<br>Ing\u00e9nieur de son : Dennis Patterson<br>Producteur : David Jaeger<br>Photos : Tam Lan Truong<br>Design graphique : Joan Montaner<br>D. L. : GI 442-2022<br>www.knsclassical.com<\/p>","protected":false},"excerpt":{"rendered":"<div class=\"entry-summary\">\nKNS A\/121Recorded at Glenn Gould Studio, CBC Toronto, August 15th-17th, 2019Recording Engineer:&hellip;\n<\/div>\n<div class=\"link-more\"><a href=\"https:\/\/duocavatine.com\/fr\/music\/cd\/nuages\/\" class=\"more-link\">Continue reading<span class=\"screen-reader-text\"> &ldquo;Nuages&rdquo;<\/span>&hellip;<\/a><\/div>","protected":false},"author":2,"featured_media":0,"parent":43,"menu_order":0,"comment_status":"closed","ping_status":"closed","template":"page-template\/_fullwidth.php","meta":{"nf_dc_page":"","_monsterinsights_skip_tracking":false,"_monsterinsights_sitenote_active":false,"_monsterinsights_sitenote_note":"","_monsterinsights_sitenote_category":0,"jetpack_post_was_ever_published":false,"footnotes":""},"class_list":["post-559","page","type-page","status-publish","hentry","entry"],"featured_image_src":null,"yoast_head":"<!-- This site is optimized with the Yoast SEO plugin v27.3 - https:\/\/yoast.com\/product\/yoast-seo-wordpress\/ -->\n<title>Nuages | Duo Cavatine<\/title>\n<meta name=\"robots\" content=\"index, follow, max-snippet:-1, max-image-preview:large, max-video-preview:-1\" \/>\n<link rel=\"canonical\" href=\"https:\/\/duocavatine.com\/fr\/music\/cd\/nuages\/\" \/>\n<meta property=\"og:locale\" content=\"fr_CA\" \/>\n<meta property=\"og:type\" content=\"article\" \/>\n<meta property=\"og:title\" content=\"Nuages | Duo Cavatine\" \/>\n<meta property=\"og:description\" content=\"KNS A\/121Recorded at Glenn Gould Studio, CBC Toronto, August 15th-17th, 2019Recording Engineer:&hellip; Continue reading &ldquo;Nuages&rdquo;&hellip;\" \/>\n<meta property=\"og:url\" content=\"https:\/\/duocavatine.com\/fr\/music\/cd\/nuages\/\" \/>\n<meta property=\"og:site_name\" content=\"Duo Cavatine\" \/>\n<meta property=\"article:modified_time\" content=\"2024-09-14T15:14:07+00:00\" \/>\n<meta property=\"og:image\" content=\"https:\/\/duocavatine.com\/wp-content\/uploads\/2023\/04\/inlay-int-1024x806.jpg\" \/>\n<meta name=\"twitter:card\" content=\"summary_large_image\" \/>\n<meta name=\"twitter:label1\" content=\"Estimation du temps de lecture\" \/>\n\t<meta name=\"twitter:data1\" content=\"1 minute\" \/>\n<script type=\"application\/ld+json\" class=\"yoast-schema-graph\">{\"@context\":\"https:\\\/\\\/schema.org\",\"@graph\":[{\"@type\":\"WebPage\",\"@id\":\"https:\\\/\\\/duocavatine.com\\\/music\\\/cd\\\/nuages\\\/\",\"url\":\"https:\\\/\\\/duocavatine.com\\\/music\\\/cd\\\/nuages\\\/\",\"name\":\"Nuages | Duo Cavatine\",\"isPartOf\":{\"@id\":\"https:\\\/\\\/duocavatine.com\\\/en\\\/#website\"},\"primaryImageOfPage\":{\"@id\":\"https:\\\/\\\/duocavatine.com\\\/music\\\/cd\\\/nuages\\\/#primaryimage\"},\"image\":{\"@id\":\"https:\\\/\\\/duocavatine.com\\\/music\\\/cd\\\/nuages\\\/#primaryimage\"},\"thumbnailUrl\":\"https:\\\/\\\/duocavatine.com\\\/wp-content\\\/uploads\\\/2023\\\/04\\\/inlay-int-1024x806.jpg\",\"datePublished\":\"2023-04-21T02:54:58+00:00\",\"dateModified\":\"2024-09-14T15:14:07+00:00\",\"breadcrumb\":{\"@id\":\"https:\\\/\\\/duocavatine.com\\\/music\\\/cd\\\/nuages\\\/#breadcrumb\"},\"inLanguage\":\"fr-CA\",\"potentialAction\":[{\"@type\":\"ReadAction\",\"target\":[\"https:\\\/\\\/duocavatine.com\\\/music\\\/cd\\\/nuages\\\/\"]}]},{\"@type\":\"ImageObject\",\"inLanguage\":\"fr-CA\",\"@id\":\"https:\\\/\\\/duocavatine.com\\\/music\\\/cd\\\/nuages\\\/#primaryimage\",\"url\":\"https:\\\/\\\/duocavatine.com\\\/wp-content\\\/uploads\\\/2023\\\/04\\\/inlay-int-1024x806.jpg\",\"contentUrl\":\"https:\\\/\\\/duocavatine.com\\\/wp-content\\\/uploads\\\/2023\\\/04\\\/inlay-int-1024x806.jpg\"},{\"@type\":\"BreadcrumbList\",\"@id\":\"https:\\\/\\\/duocavatine.com\\\/music\\\/cd\\\/nuages\\\/#breadcrumb\",\"itemListElement\":[{\"@type\":\"ListItem\",\"position\":1,\"name\":\"Home\",\"item\":\"https:\\\/\\\/duocavatine.com\\\/\"},{\"@type\":\"ListItem\",\"position\":2,\"name\":\"Music\",\"item\":\"https:\\\/\\\/duocavatine.com\\\/en\\\/music\\\/\"},{\"@type\":\"ListItem\",\"position\":3,\"name\":\"Discography\",\"item\":\"https:\\\/\\\/duocavatine.com\\\/en\\\/music\\\/cd\\\/\"},{\"@type\":\"ListItem\",\"position\":4,\"name\":\"Nuages\"}]},{\"@type\":\"WebSite\",\"@id\":\"https:\\\/\\\/duocavatine.com\\\/en\\\/#website\",\"url\":\"https:\\\/\\\/duocavatine.com\\\/en\\\/\",\"name\":\"Duo Cavatine\",\"description\":\"\",\"publisher\":{\"@id\":\"https:\\\/\\\/duocavatine.com\\\/en\\\/#organization\"},\"potentialAction\":[{\"@type\":\"SearchAction\",\"target\":{\"@type\":\"EntryPoint\",\"urlTemplate\":\"https:\\\/\\\/duocavatine.com\\\/en\\\/?s={search_term_string}\"},\"query-input\":{\"@type\":\"PropertyValueSpecification\",\"valueRequired\":true,\"valueName\":\"search_term_string\"}}],\"inLanguage\":\"fr-CA\"},{\"@type\":\"Organization\",\"@id\":\"https:\\\/\\\/duocavatine.com\\\/en\\\/#organization\",\"name\":\"Duo Cavatine\",\"url\":\"https:\\\/\\\/duocavatine.com\\\/en\\\/\",\"logo\":{\"@type\":\"ImageObject\",\"inLanguage\":\"fr-CA\",\"@id\":\"https:\\\/\\\/duocavatine.com\\\/en\\\/#\\\/schema\\\/logo\\\/image\\\/\",\"url\":\"https:\\\/\\\/i0.wp.com\\\/duocavatine.com\\\/wp-content\\\/uploads\\\/2022\\\/10\\\/Logo-Black-Transparent.png?fit=967%2C243&ssl=1\",\"contentUrl\":\"https:\\\/\\\/i0.wp.com\\\/duocavatine.com\\\/wp-content\\\/uploads\\\/2022\\\/10\\\/Logo-Black-Transparent.png?fit=967%2C243&ssl=1\",\"width\":967,\"height\":243,\"caption\":\"Duo Cavatine\"},\"image\":{\"@id\":\"https:\\\/\\\/duocavatine.com\\\/en\\\/#\\\/schema\\\/logo\\\/image\\\/\"}}]}<\/script>\n<!-- \/ Yoast SEO plugin. -->","yoast_head_json":{"title":"Nuages | Duo Cavatine","robots":{"index":"index","follow":"follow","max-snippet":"max-snippet:-1","max-image-preview":"max-image-preview:large","max-video-preview":"max-video-preview:-1"},"canonical":"https:\/\/duocavatine.com\/fr\/music\/cd\/nuages\/","og_locale":"fr_CA","og_type":"article","og_title":"Nuages | Duo Cavatine","og_description":"KNS A\/121Recorded at Glenn Gould Studio, CBC Toronto, August 15th-17th, 2019Recording Engineer:&hellip; Continue reading &ldquo;Nuages&rdquo;&hellip;","og_url":"https:\/\/duocavatine.com\/fr\/music\/cd\/nuages\/","og_site_name":"Duo Cavatine","article_modified_time":"2024-09-14T15:14:07+00:00","og_image":[{"url":"https:\/\/duocavatine.com\/wp-content\/uploads\/2023\/04\/inlay-int-1024x806.jpg","type":"","width":"","height":""}],"twitter_card":"summary_large_image","twitter_misc":{"Estimation du temps de lecture":"1 minute"},"schema":{"@context":"https:\/\/schema.org","@graph":[{"@type":"WebPage","@id":"https:\/\/duocavatine.com\/music\/cd\/nuages\/","url":"https:\/\/duocavatine.com\/music\/cd\/nuages\/","name":"Nuages | Duo Cavatine","isPartOf":{"@id":"https:\/\/duocavatine.com\/en\/#website"},"primaryImageOfPage":{"@id":"https:\/\/duocavatine.com\/music\/cd\/nuages\/#primaryimage"},"image":{"@id":"https:\/\/duocavatine.com\/music\/cd\/nuages\/#primaryimage"},"thumbnailUrl":"https:\/\/duocavatine.com\/wp-content\/uploads\/2023\/04\/inlay-int-1024x806.jpg","datePublished":"2023-04-21T02:54:58+00:00","dateModified":"2024-09-14T15:14:07+00:00","breadcrumb":{"@id":"https:\/\/duocavatine.com\/music\/cd\/nuages\/#breadcrumb"},"inLanguage":"fr-CA","potentialAction":[{"@type":"ReadAction","target":["https:\/\/duocavatine.com\/music\/cd\/nuages\/"]}]},{"@type":"ImageObject","inLanguage":"fr-CA","@id":"https:\/\/duocavatine.com\/music\/cd\/nuages\/#primaryimage","url":"https:\/\/duocavatine.com\/wp-content\/uploads\/2023\/04\/inlay-int-1024x806.jpg","contentUrl":"https:\/\/duocavatine.com\/wp-content\/uploads\/2023\/04\/inlay-int-1024x806.jpg"},{"@type":"BreadcrumbList","@id":"https:\/\/duocavatine.com\/music\/cd\/nuages\/#breadcrumb","itemListElement":[{"@type":"ListItem","position":1,"name":"Home","item":"https:\/\/duocavatine.com\/"},{"@type":"ListItem","position":2,"name":"Music","item":"https:\/\/duocavatine.com\/en\/music\/"},{"@type":"ListItem","position":3,"name":"Discography","item":"https:\/\/duocavatine.com\/en\/music\/cd\/"},{"@type":"ListItem","position":4,"name":"Nuages"}]},{"@type":"WebSite","@id":"https:\/\/duocavatine.com\/en\/#website","url":"https:\/\/duocavatine.com\/en\/","name":"Duo Cavatine","description":"","publisher":{"@id":"https:\/\/duocavatine.com\/en\/#organization"},"potentialAction":[{"@type":"SearchAction","target":{"@type":"EntryPoint","urlTemplate":"https:\/\/duocavatine.com\/en\/?s={search_term_string}"},"query-input":{"@type":"PropertyValueSpecification","valueRequired":true,"valueName":"search_term_string"}}],"inLanguage":"fr-CA"},{"@type":"Organization","@id":"https:\/\/duocavatine.com\/en\/#organization","name":"Duo Cavatine","url":"https:\/\/duocavatine.com\/en\/","logo":{"@type":"ImageObject","inLanguage":"fr-CA","@id":"https:\/\/duocavatine.com\/en\/#\/schema\/logo\/image\/","url":"https:\/\/i0.wp.com\/duocavatine.com\/wp-content\/uploads\/2022\/10\/Logo-Black-Transparent.png?fit=967%2C243&ssl=1","contentUrl":"https:\/\/i0.wp.com\/duocavatine.com\/wp-content\/uploads\/2022\/10\/Logo-Black-Transparent.png?fit=967%2C243&ssl=1","width":967,"height":243,"caption":"Duo Cavatine"},"image":{"@id":"https:\/\/duocavatine.com\/en\/#\/schema\/logo\/image\/"}}]}},"jetpack_sharing_enabled":true,"jetpack_shortlink":"https:\/\/wp.me\/Pc6c3o-91","_links":{"self":[{"href":"https:\/\/duocavatine.com\/fr\/wp-json\/wp\/v2\/pages\/559","targetHints":{"allow":["GET"]}}],"collection":[{"href":"https:\/\/duocavatine.com\/fr\/wp-json\/wp\/v2\/pages"}],"about":[{"href":"https:\/\/duocavatine.com\/fr\/wp-json\/wp\/v2\/types\/page"}],"author":[{"embeddable":true,"href":"https:\/\/duocavatine.com\/fr\/wp-json\/wp\/v2\/users\/2"}],"replies":[{"embeddable":true,"href":"https:\/\/duocavatine.com\/fr\/wp-json\/wp\/v2\/comments?post=559"}],"version-history":[{"count":5,"href":"https:\/\/duocavatine.com\/fr\/wp-json\/wp\/v2\/pages\/559\/revisions"}],"predecessor-version":[{"id":643,"href":"https:\/\/duocavatine.com\/fr\/wp-json\/wp\/v2\/pages\/559\/revisions\/643"}],"up":[{"embeddable":true,"href":"https:\/\/duocavatine.com\/fr\/wp-json\/wp\/v2\/pages\/43"}],"wp:attachment":[{"href":"https:\/\/duocavatine.com\/fr\/wp-json\/wp\/v2\/media?parent=559"}],"curies":[{"name":"wp","href":"https:\/\/api.w.org\/{rel}","templated":true}]}}