{"id":83,"date":"2020-06-13T03:49:13","date_gmt":"2020-06-13T03:49:13","guid":{"rendered":"https:\/\/duocavatine.com\/?page_id=83"},"modified":"2020-06-14T22:57:23","modified_gmt":"2020-06-14T22:57:23","slug":"faq","status":"publish","type":"page","link":"https:\/\/duocavatine.com\/fr\/about\/faq\/","title":{"rendered":"FAQ"},"content":{"rendered":"<p><strong><u>O\u00f9 nous sommes-nous rencontr\u00e9s?<\/u><\/strong>?<\/p>\n\n\n\n<p>Nous nous sommes rencontr\u00e9s il y a des ann\u00e9es, en 2012 pour \u00eatre pr\u00e9cis. \u00c0 l'\u00e9poque, nous\n\u00e9tudiions tous les deux \u00e0 l'Universit\u00e9 de Montr\u00e9al et nous nous sommes rencontr\u00e9s lors d'un rassemblement de musique de chambre. Tous deux passionn\u00e9s de musique de chambre, nous\navons continu\u00e9 \u00e0 jouer ensemble de plus en plus, et de cette amiti\u00e9 est n\u00e9e le Duo Cavatine\nactuel!<\/p>\n\n\n\n<p><strong><u>D&#039;o\u00f9 vient notre nom de duo?<\/u><\/strong>?<\/p>\n\n\n\n<p>Cavatine est le nom du mouvement lent de la sonate pour violoncelle et piano de Francis\nPoulenc, l'une de nos pi\u00e8ces favorites et la premi\u00e8re pi\u00e8ce que nous avons apprise ensemble! Ce mouvement est absolument magnifique, et sa po\u00e9sie et son raffinement nous ont parl\u00e9\ninstantan\u00e9ment. Le nom de notre duo \u00e9tait tout trouv\u00e9!<\/p>\n\n\n\n<div class=\"wp-block-image\"><figure class=\"aligncenter size-large is-resized\"><img loading=\"lazy\" decoding=\"async\" src=\"https:\/\/i1.wp.com\/duocavatine.com\/wp-content\/uploads\/2020\/06\/DSC00034.jpg?fit=1020%2C574&amp;ssl=1\" alt=\"\" class=\"wp-image-86\" width=\"415\" height=\"233\" srcset=\"https:\/\/i0.wp.com\/duocavatine.com\/wp-content\/uploads\/2020\/06\/DSC00034.jpg?w=2016&amp;ssl=1 2016w, https:\/\/i0.wp.com\/duocavatine.com\/wp-content\/uploads\/2020\/06\/DSC00034.jpg?resize=300%2C169&amp;ssl=1 300w, https:\/\/i0.wp.com\/duocavatine.com\/wp-content\/uploads\/2020\/06\/DSC00034.jpg?resize=1024%2C576&amp;ssl=1 1024w, https:\/\/i0.wp.com\/duocavatine.com\/wp-content\/uploads\/2020\/06\/DSC00034.jpg?resize=768%2C432&amp;ssl=1 768w, https:\/\/i0.wp.com\/duocavatine.com\/wp-content\/uploads\/2020\/06\/DSC00034.jpg?resize=1536%2C864&amp;ssl=1 1536w\" sizes=\"auto, (max-width: 415px) 100vw, 415px\" \/><\/figure><\/div>\n\n\n\n<p><strong><u>Sur quel genre de violoncelle joue No\u00e9mie?<\/u><\/strong>?<\/p>\n\n\n\n<p>No\u00e9mie joue sur un magnifique violoncelle de Goffriller, surnomm\u00e9 \u00abEx-Curtis\u00bb, gracieusement pr\u00eat\u00e9 par Canimex Inc. C'est un vieux violoncelle italien (datant de 1700) qui pourrait bien \u00eatre la huiti\u00e8me merveille du monde! Il a une merveilleuse personnalit\u00e9 qui correspond parfaitement \u00e0 No\u00e9mie et ils cr\u00e9ent une merveilleuse \u00e9quipe!<\/p>\n\n\n\n<p><strong><u>Quel type de piano pr\u00e9f\u00e8re Michel-Alexandre?<\/u><\/strong><\/p>\n\n\n\n<p>Ce pianiste se contente de n\u2019importe quoi! Jouant sur un tas de pianos diff\u00e9rents tous les\njours\u2014son travail quotidien \u00e9tant pianiste-collaborateur dans les \u00e9coles et les universit\u00e9s\u2014il est habitu\u00e9 \u00e0 s'adapter rapidement \u00e0 tout ce qui se pr\u00e9sente \u00e0 lui! Son piano de r\u00eave, cependant: un bon B\u00f6sendorfer, ou n'importe quel pianos Esmonde-White! Et un Fazioli pour les occasions sp\u00e9ciales, pourquoi pas!?<\/p>\n\n\n\n<div class=\"wp-block-image\"><figure class=\"aligncenter size-large is-resized\"><img data-recalc-dims=\"1\" loading=\"lazy\" decoding=\"async\" src=\"https:\/\/i0.wp.com\/duocavatine.com\/wp-content\/uploads\/2020\/06\/IMG_2775.jpg?resize=422%2C316&#038;ssl=1\" alt=\"\" class=\"wp-image-100\" width=\"422\" height=\"316\"\/><\/figure><\/div>\n\n\n\n<p><strong><u>Quelles pi\u00e8ces avez-vous peur de jouer encore?<\/u><\/strong><\/p>\n\n\n\n<p>M-A: Je mentirais si je disais que je suis \u00e0 l\u2019aise avec tout le r\u00e9pertoire! Mon prochain d\u00e9fi \u00e0\nrelever serait la sonate pour violoncelle et piano de Chopin, que je n'ai jamais encore eu le\ntemps pris le temps de raffiner. Ahhh\u2026 si Chopin \u00e9tait encore en vie, j'aurais des questions \u00e0 lui\nposer!<\/p>\n\n\n\n<p>N: La sonate de Chopin! ;) Je plaisante, la partie de violoncelle n'est pas si difficile en fait. Il n'y a\npas tant de morceaux dont j'ai peur mais si je devais en choisir un, ce serait la Sonate en la\nmajeur de Beethoven. Beethoven n'est pas un compositeur que je comprends facilement, ses\npi\u00e8ces sont celles auxquelles je dois vraiment r\u00e9fl\u00e9chir pour les comprendre et avoir une\nperformance authentique et convaincante. J'ai appris sa sonate en la majeur quand j'\u00e9tais\nadolescente et je pouvais d\u00e9j\u00e0 percevoir que cette pi\u00e8ce ne me venait pas naturellement et que mon interpr\u00e9tation \u00e9tait horrible. Parce que j'\u00e9tais si jeune, je pense que j'ai \u00e9t\u00e9 un peu\ntraumatis\u00e9 par la musique de Beethoven (c'\u00e9tait la premi\u00e8re Sonate de Beethoven que j\u2019aie\njou\u00e9e!) J'ai encore du mal \u00e0 la revisiter!<\/p>\n\n\n\n<div class=\"wp-block-image\"><figure class=\"aligncenter size-large is-resized\"><img data-recalc-dims=\"1\" loading=\"lazy\" decoding=\"async\" src=\"https:\/\/i0.wp.com\/duocavatine.com\/wp-content\/uploads\/2020\/06\/IMG_2225.jpg?resize=391%2C293&#038;ssl=1\" alt=\"\" class=\"wp-image-95\" width=\"391\" height=\"293\"\/><\/figure><\/div>\n\n\n\n<p><strong><u>Quelle est une journ\u00e9e typique dans la vie de Duo Cavatine?<\/u><\/strong><\/p>\n\n\n\n<p>Le duo croit \u00e0 l\u2019\u00e9quilibre entre une grande efficacit\u00e9 et une bonne ambiance. Donc, pour une journ\u00e9e donn\u00e9e, apr\u00e8s l'in\u00e9vitable caf\u00e9, nous aurions une r\u00e9p\u00e9tition couvrant le r\u00e9pertoire \u00e0 pr\u00e9senter bient\u00f4t, et nous r\u00e9serverions aussi une portion de la r\u00e9p\u00e9tition \u00e0 d\u00e9couvrir certaines pi\u00e8ces que nous planifions jouer dans le futur. Cela serait probablement suivi d'une discussion passionn\u00e9e sur les millions de projets que nous avons sur la table et sur la meilleure fa\u00e7on de les r\u00e9aliser! Nous aimons aussi tous les deux la bonne nourriture, donc il nous faudrait un moment pour cuisiner quelque chose de d\u00e9licieux ou simplement trouver un restaurant chaleureux pour continuer \u00e0 r\u00e9fl\u00e9chir aux meilleures fa\u00e7ons de conqu\u00e9rir le monde!<\/p>","protected":false},"excerpt":{"rendered":"<div class=\"entry-summary\">\nWhere did we meet? We met years ago, in 2012 to be&hellip;\n<\/div>\n<div class=\"link-more\"><a href=\"https:\/\/duocavatine.com\/fr\/about\/faq\/\" class=\"more-link\">Continue reading<span class=\"screen-reader-text\"> &ldquo;FAQ&rdquo;<\/span>&hellip;<\/a><\/div>","protected":false},"author":2,"featured_media":0,"parent":4,"menu_order":0,"comment_status":"closed","ping_status":"closed","template":"page-template\/_fullwidth.php","meta":{"nf_dc_page":"","_monsterinsights_skip_tracking":false,"_monsterinsights_sitenote_active":false,"_monsterinsights_sitenote_note":"","_monsterinsights_sitenote_category":0,"jetpack_post_was_ever_published":false,"footnotes":""},"class_list":["post-83","page","type-page","status-publish","hentry","entry"],"featured_image_src":null,"yoast_head":"<!-- This site is optimized with the Yoast SEO plugin v27.3 - https:\/\/yoast.com\/product\/yoast-seo-wordpress\/ -->\n<title>FAQ | Duo Cavatine<\/title>\n<meta name=\"robots\" content=\"index, follow, max-snippet:-1, max-image-preview:large, max-video-preview:-1\" \/>\n<link rel=\"canonical\" href=\"https:\/\/duocavatine.com\/fr\/about\/faq\/\" \/>\n<meta property=\"og:locale\" content=\"fr_CA\" \/>\n<meta property=\"og:type\" content=\"article\" \/>\n<meta property=\"og:title\" content=\"FAQ | Duo Cavatine\" \/>\n<meta property=\"og:description\" content=\"Where did we meet? We met years ago, in 2012 to be&hellip; Continue reading &ldquo;FAQ&rdquo;&hellip;\" \/>\n<meta property=\"og:url\" content=\"https:\/\/duocavatine.com\/fr\/about\/faq\/\" \/>\n<meta property=\"og:site_name\" content=\"Duo Cavatine\" \/>\n<meta property=\"article:modified_time\" content=\"2020-06-14T22:57:23+00:00\" \/>\n<meta property=\"og:image\" content=\"https:\/\/i1.wp.com\/duocavatine.com\/wp-content\/uploads\/2020\/06\/DSC00034.jpg?fit=1020%2C574&amp;ssl=1\" \/>\n<meta name=\"twitter:card\" content=\"summary_large_image\" \/>\n<meta name=\"twitter:label1\" content=\"Estimation du temps de lecture\" \/>\n\t<meta name=\"twitter:data1\" content=\"3 minutes\" \/>\n<script type=\"application\/ld+json\" class=\"yoast-schema-graph\">{\"@context\":\"https:\\\/\\\/schema.org\",\"@graph\":[{\"@type\":\"WebPage\",\"@id\":\"https:\\\/\\\/duocavatine.com\\\/en\\\/about\\\/faq\\\/\",\"url\":\"https:\\\/\\\/duocavatine.com\\\/en\\\/about\\\/faq\\\/\",\"name\":\"FAQ | Duo Cavatine\",\"isPartOf\":{\"@id\":\"https:\\\/\\\/duocavatine.com\\\/en\\\/#website\"},\"primaryImageOfPage\":{\"@id\":\"https:\\\/\\\/duocavatine.com\\\/en\\\/about\\\/faq\\\/#primaryimage\"},\"image\":{\"@id\":\"https:\\\/\\\/duocavatine.com\\\/en\\\/about\\\/faq\\\/#primaryimage\"},\"thumbnailUrl\":\"https:\\\/\\\/i1.wp.com\\\/duocavatine.com\\\/wp-content\\\/uploads\\\/2020\\\/06\\\/DSC00034.jpg?fit=1020%2C574&amp;ssl=1\",\"datePublished\":\"2020-06-13T03:49:13+00:00\",\"dateModified\":\"2020-06-14T22:57:23+00:00\",\"breadcrumb\":{\"@id\":\"https:\\\/\\\/duocavatine.com\\\/en\\\/about\\\/faq\\\/#breadcrumb\"},\"inLanguage\":\"fr-CA\",\"potentialAction\":[{\"@type\":\"ReadAction\",\"target\":[\"https:\\\/\\\/duocavatine.com\\\/en\\\/about\\\/faq\\\/\"]}]},{\"@type\":\"ImageObject\",\"inLanguage\":\"fr-CA\",\"@id\":\"https:\\\/\\\/duocavatine.com\\\/en\\\/about\\\/faq\\\/#primaryimage\",\"url\":\"https:\\\/\\\/i1.wp.com\\\/duocavatine.com\\\/wp-content\\\/uploads\\\/2020\\\/06\\\/DSC00034.jpg?fit=1020%2C574&amp;ssl=1\",\"contentUrl\":\"https:\\\/\\\/i1.wp.com\\\/duocavatine.com\\\/wp-content\\\/uploads\\\/2020\\\/06\\\/DSC00034.jpg?fit=1020%2C574&amp;ssl=1\"},{\"@type\":\"BreadcrumbList\",\"@id\":\"https:\\\/\\\/duocavatine.com\\\/en\\\/about\\\/faq\\\/#breadcrumb\",\"itemListElement\":[{\"@type\":\"ListItem\",\"position\":1,\"name\":\"Home\",\"item\":\"https:\\\/\\\/duocavatine.com\\\/\"},{\"@type\":\"ListItem\",\"position\":2,\"name\":\"About\",\"item\":\"https:\\\/\\\/duocavatine.com\\\/en\\\/about\\\/\"},{\"@type\":\"ListItem\",\"position\":3,\"name\":\"FAQ\"}]},{\"@type\":\"WebSite\",\"@id\":\"https:\\\/\\\/duocavatine.com\\\/en\\\/#website\",\"url\":\"https:\\\/\\\/duocavatine.com\\\/en\\\/\",\"name\":\"Duo Cavatine\",\"description\":\"\",\"publisher\":{\"@id\":\"https:\\\/\\\/duocavatine.com\\\/en\\\/#organization\"},\"potentialAction\":[{\"@type\":\"SearchAction\",\"target\":{\"@type\":\"EntryPoint\",\"urlTemplate\":\"https:\\\/\\\/duocavatine.com\\\/en\\\/?s={search_term_string}\"},\"query-input\":{\"@type\":\"PropertyValueSpecification\",\"valueRequired\":true,\"valueName\":\"search_term_string\"}}],\"inLanguage\":\"fr-CA\"},{\"@type\":\"Organization\",\"@id\":\"https:\\\/\\\/duocavatine.com\\\/en\\\/#organization\",\"name\":\"Duo Cavatine\",\"url\":\"https:\\\/\\\/duocavatine.com\\\/en\\\/\",\"logo\":{\"@type\":\"ImageObject\",\"inLanguage\":\"fr-CA\",\"@id\":\"https:\\\/\\\/duocavatine.com\\\/en\\\/#\\\/schema\\\/logo\\\/image\\\/\",\"url\":\"https:\\\/\\\/i0.wp.com\\\/duocavatine.com\\\/wp-content\\\/uploads\\\/2022\\\/10\\\/Logo-Black-Transparent.png?fit=967%2C243&ssl=1\",\"contentUrl\":\"https:\\\/\\\/i0.wp.com\\\/duocavatine.com\\\/wp-content\\\/uploads\\\/2022\\\/10\\\/Logo-Black-Transparent.png?fit=967%2C243&ssl=1\",\"width\":967,\"height\":243,\"caption\":\"Duo Cavatine\"},\"image\":{\"@id\":\"https:\\\/\\\/duocavatine.com\\\/en\\\/#\\\/schema\\\/logo\\\/image\\\/\"}}]}<\/script>\n<!-- \/ Yoast SEO plugin. -->","yoast_head_json":{"title":"FAQ | Duo Cavatine","robots":{"index":"index","follow":"follow","max-snippet":"max-snippet:-1","max-image-preview":"max-image-preview:large","max-video-preview":"max-video-preview:-1"},"canonical":"https:\/\/duocavatine.com\/fr\/about\/faq\/","og_locale":"fr_CA","og_type":"article","og_title":"FAQ | Duo Cavatine","og_description":"Where did we meet? We met years ago, in 2012 to be&hellip; Continue reading &ldquo;FAQ&rdquo;&hellip;","og_url":"https:\/\/duocavatine.com\/fr\/about\/faq\/","og_site_name":"Duo Cavatine","article_modified_time":"2020-06-14T22:57:23+00:00","og_image":[{"url":"https:\/\/i1.wp.com\/duocavatine.com\/wp-content\/uploads\/2020\/06\/DSC00034.jpg?fit=1020%2C574&amp;ssl=1","type":"","width":"","height":""}],"twitter_card":"summary_large_image","twitter_misc":{"Estimation du temps de lecture":"3 minutes"},"schema":{"@context":"https:\/\/schema.org","@graph":[{"@type":"WebPage","@id":"https:\/\/duocavatine.com\/en\/about\/faq\/","url":"https:\/\/duocavatine.com\/en\/about\/faq\/","name":"FAQ | Duo Cavatine","isPartOf":{"@id":"https:\/\/duocavatine.com\/en\/#website"},"primaryImageOfPage":{"@id":"https:\/\/duocavatine.com\/en\/about\/faq\/#primaryimage"},"image":{"@id":"https:\/\/duocavatine.com\/en\/about\/faq\/#primaryimage"},"thumbnailUrl":"https:\/\/i1.wp.com\/duocavatine.com\/wp-content\/uploads\/2020\/06\/DSC00034.jpg?fit=1020%2C574&amp;ssl=1","datePublished":"2020-06-13T03:49:13+00:00","dateModified":"2020-06-14T22:57:23+00:00","breadcrumb":{"@id":"https:\/\/duocavatine.com\/en\/about\/faq\/#breadcrumb"},"inLanguage":"fr-CA","potentialAction":[{"@type":"ReadAction","target":["https:\/\/duocavatine.com\/en\/about\/faq\/"]}]},{"@type":"ImageObject","inLanguage":"fr-CA","@id":"https:\/\/duocavatine.com\/en\/about\/faq\/#primaryimage","url":"https:\/\/i1.wp.com\/duocavatine.com\/wp-content\/uploads\/2020\/06\/DSC00034.jpg?fit=1020%2C574&amp;ssl=1","contentUrl":"https:\/\/i1.wp.com\/duocavatine.com\/wp-content\/uploads\/2020\/06\/DSC00034.jpg?fit=1020%2C574&amp;ssl=1"},{"@type":"BreadcrumbList","@id":"https:\/\/duocavatine.com\/en\/about\/faq\/#breadcrumb","itemListElement":[{"@type":"ListItem","position":1,"name":"Home","item":"https:\/\/duocavatine.com\/"},{"@type":"ListItem","position":2,"name":"About","item":"https:\/\/duocavatine.com\/en\/about\/"},{"@type":"ListItem","position":3,"name":"FAQ"}]},{"@type":"WebSite","@id":"https:\/\/duocavatine.com\/en\/#website","url":"https:\/\/duocavatine.com\/en\/","name":"Duo Cavatine","description":"","publisher":{"@id":"https:\/\/duocavatine.com\/en\/#organization"},"potentialAction":[{"@type":"SearchAction","target":{"@type":"EntryPoint","urlTemplate":"https:\/\/duocavatine.com\/en\/?s={search_term_string}"},"query-input":{"@type":"PropertyValueSpecification","valueRequired":true,"valueName":"search_term_string"}}],"inLanguage":"fr-CA"},{"@type":"Organization","@id":"https:\/\/duocavatine.com\/en\/#organization","name":"Duo Cavatine","url":"https:\/\/duocavatine.com\/en\/","logo":{"@type":"ImageObject","inLanguage":"fr-CA","@id":"https:\/\/duocavatine.com\/en\/#\/schema\/logo\/image\/","url":"https:\/\/i0.wp.com\/duocavatine.com\/wp-content\/uploads\/2022\/10\/Logo-Black-Transparent.png?fit=967%2C243&ssl=1","contentUrl":"https:\/\/i0.wp.com\/duocavatine.com\/wp-content\/uploads\/2022\/10\/Logo-Black-Transparent.png?fit=967%2C243&ssl=1","width":967,"height":243,"caption":"Duo Cavatine"},"image":{"@id":"https:\/\/duocavatine.com\/en\/#\/schema\/logo\/image\/"}}]}},"jetpack_sharing_enabled":false,"jetpack_shortlink":"https:\/\/wp.me\/Pc6c3o-1l","_links":{"self":[{"href":"https:\/\/duocavatine.com\/fr\/wp-json\/wp\/v2\/pages\/83","targetHints":{"allow":["GET"]}}],"collection":[{"href":"https:\/\/duocavatine.com\/fr\/wp-json\/wp\/v2\/pages"}],"about":[{"href":"https:\/\/duocavatine.com\/fr\/wp-json\/wp\/v2\/types\/page"}],"author":[{"embeddable":true,"href":"https:\/\/duocavatine.com\/fr\/wp-json\/wp\/v2\/users\/2"}],"replies":[{"embeddable":true,"href":"https:\/\/duocavatine.com\/fr\/wp-json\/wp\/v2\/comments?post=83"}],"version-history":[{"count":5,"href":"https:\/\/duocavatine.com\/fr\/wp-json\/wp\/v2\/pages\/83\/revisions"}],"predecessor-version":[{"id":158,"href":"https:\/\/duocavatine.com\/fr\/wp-json\/wp\/v2\/pages\/83\/revisions\/158"}],"up":[{"embeddable":true,"href":"https:\/\/duocavatine.com\/fr\/wp-json\/wp\/v2\/pages\/4"}],"wp:attachment":[{"href":"https:\/\/duocavatine.com\/fr\/wp-json\/wp\/v2\/media?parent=83"}],"curies":[{"name":"wp","href":"https:\/\/api.w.org\/{rel}","templated":true}]}}